{"id":2188,"date":"2021-12-15T19:21:49","date_gmt":"2021-12-15T19:21:49","guid":{"rendered":"https:\/\/rvtcareernavigator.ca\/sinscrire\/"},"modified":"2021-12-15T19:21:49","modified_gmt":"2021-12-15T19:21:49","slug":"sinscrire","status":"publish","type":"page","link":"https:\/\/rvtcareernavigator.ca\/fr\/sinscrire\/","title":{"rendered":"S\u2019inscrire"},"content":{"rendered":"\n<div class=\"wp-block-group alignfull pale-gray-bg title-with-bg-image is-layout-flow wp-block-group-is-layout-flow\"><div class=\"wp-block-group__inner-container\">\n<div class=\"wp-block-columns title-columns is-layout-flex wp-container-core-columns-is-layout-28f84493 wp-block-columns-is-layout-flex\">\n<div class=\"wp-block-column is-layout-flow wp-block-column-is-layout-flow\" style=\"flex-basis:45%\">\n<h1 class=\"wp-block-heading\">Planifiez votre carri\u00e8re<\/h1>\n\n\n\n<hr class=\"wp-block-separator md\"\/>\n\n\n\n<h4 class=\"wp-block-heading\">C\u2019est le temps de penser \u00e0 votre avenir!<\/h4>\n<\/div>\n\n\n\n<div class=\"wp-block-column d-none is-layout-flow wp-block-column-is-layout-flow\" style=\"flex-basis:55%\"><\/div>\n<\/div>\n\n\n\n<figure class=\"wp-block-image alignfull size-full mobile-banner-img\"><img loading=\"lazy\" decoding=\"async\" width=\"768\" height=\"282\" src=\"https:\/\/rvtcareernavigator.ca\/wp-content\/uploads\/2021\/11\/ChartYourCareer_Banner_Mobile.jpg\" alt=\"\" class=\"wp-image-1124\" srcset=\"https:\/\/rvtcareernavigator.ca\/wp-content\/uploads\/2021\/11\/ChartYourCareer_Banner_Mobile.jpg 768w, https:\/\/rvtcareernavigator.ca\/wp-content\/uploads\/2021\/11\/ChartYourCareer_Banner_Mobile-300x110.jpg 300w\" sizes=\"auto, (max-width: 768px) 100vw, 768px\" \/><\/figure>\n<\/div><\/div>\n\n<div class=\"um um-register um-680\">\n\t<div class=\"um-form\" data-mode=\"register\">\n\t\t<form method=\"post\" action=\"\">\n\t\t\t<div class=\"um-col\">\n    <div class=\"um-center\">\n        <h3>Cr\u00e9er un compte<\/h3>\n    <\/div>\n<\/div><div class=\"um-row _um_row_1 \" style=\"margin: 0 0 30px 0;\"><div class=\"um-col-1\"><div  id=\"um_field_680_first_name\" class=\"um-field um-field-text  um-field-first_name um-field-text um-field-type_text\" data-key=\"first_name\"><div class=\"um-field-label\"><label for=\"first_name-680\">Pr\u00e9nom<span class=\"um-req\" title=\"Obligatoire\">*<\/span><\/label><div class=\"um-clear\"><\/div><\/div><div class=\"um-field-area\"><input  autocomplete=\"off\" class=\"um-form-field valid \" type=\"text\" name=\"first_name-680\" id=\"first_name-680\" value=\"\" placeholder=\"\" data-validate=\"\" data-key=\"first_name\"  aria-invalid=\"false\" \/>\n\n\t\t\t\t\t\t<\/div><\/div><div  id=\"um_field_680_last_name\" class=\"um-field um-field-text  um-field-last_name um-field-text um-field-type_text\" data-key=\"last_name\"><div class=\"um-field-label\"><label for=\"last_name-680\">Nom de famille<span class=\"um-req\" title=\"Obligatoire\">*<\/span><\/label><div class=\"um-clear\"><\/div><\/div><div class=\"um-field-area\"><input  autocomplete=\"off\" class=\"um-form-field valid \" type=\"text\" name=\"last_name-680\" id=\"last_name-680\" value=\"\" placeholder=\"\" data-validate=\"\" data-key=\"last_name\"  aria-invalid=\"false\" \/>\n\n\t\t\t\t\t\t<\/div><\/div><div  id=\"um_field_680_user_email\" class=\"um-field um-field-text  um-field-user_email um-field-text um-field-type_text\" data-key=\"user_email\"><div class=\"um-field-label\"><label for=\"user_email-680\">Adresse e-mail<span class=\"um-req\" title=\"Obligatoire\">*<\/span><\/label><div class=\"um-clear\"><\/div><\/div><div class=\"um-field-area\"><input  autocomplete=\"off\" class=\"um-form-field valid \" type=\"text\" name=\"user_email-680\" id=\"user_email-680\" value=\"\" placeholder=\"\" data-validate=\"unique_email\" data-key=\"user_email\"  aria-invalid=\"false\" \/>\n\n\t\t\t\t\t\t<\/div><\/div><div  id=\"um_field_680_user_password\" class=\"um-field um-field-password  um-field-user_password um-field-password um-field-type_password\" data-key=\"user_password\"><div class=\"um-field-label\"><label for=\"user_password-680\">Mot de passe<span class=\"um-req\" title=\"Obligatoire\">*<\/span><\/label><div class=\"um-clear\"><\/div><\/div><div class=\"um-field-area\"><input class=\"um-form-field valid \" type=\"password\" name=\"user_password-680\" id=\"user_password-680\" value=\"\" placeholder=\"\" data-validate=\"\" data-key=\"user_password\"  aria-invalid=\"false\" \/>\n\n\t\t\t\t\t\t\t<\/div><\/div><div  id=\"um_field_680_confirm_user_password\" class=\"um-field um-field-password  um-field-user_password um-field-password um-field-type_password\" data-key=\"confirm_user_password\"><div class=\"um-field-label\"><label for=\"confirm_user_password-680\">Confirmez le mot de passe<span class=\"um-req\" title=\"Obligatoire\">*<\/span><\/label><div class=\"um-clear\"><\/div><\/div><div class=\"um-field-area\"><input class=\"um-form-field valid \" type=\"password\" name=\"confirm_user_password-680\" id=\"confirm_user_password-680\" value=\"\" placeholder=\"Confirmez le mot de passe\" data-validate=\"\" data-key=\"confirm_user_password\"  aria-invalid=\"false\" \/><\/div><\/div><div  id=\"um_field_680_user_description\" class=\"um-field um-field-select  um-field-user_description um-field-select um-field-type_select\" data-key=\"user_description\"><div class=\"um-field-label\"><label for=\"user_description-680\">Qu\u2019est-ce qui vous d\u00e9crit le mieux?<\/label><div class=\"um-clear\"><\/div><\/div><div class=\"um-field-area  \"><select data-default=\"\"     name=\"user_description\" id=\"user_description\" data-validate=\"\" data-key=\"user_description\" class=\"um-form-field valid not-required um-s1 \" style=\"width: 100%\" data-placeholder=\"\"   aria-invalid=\"false\" ><option value=\"\"><\/option><option value=\"High school student\" >\u00c9tudiant(e) du secondaire<\/option><option value=\"Second career\/Mature student\" >En r\u00e9orientation de carri\u00e8re\/\u00e9tudiant(e) adulte<\/option><option value=\"Veterinary Technician (VT) student\" >\u00c9tudiant(e) en techniques de sant\u00e9 animale<\/option><option value=\"Veterinary Technician (VT)\" >Technicien\/technicienne en sant\u00e9 animale<\/option><option value=\"Registered Veterinary Technician (RVT)\" >Technicien\/technicienne en sant\u00e9 animale certifi\u00e9(e) (TSAc\/RVT)<\/option><option value=\"Veterinary Technician Specialist (VTS)\" >Technicien\/technicienne v\u00e9t\u00e9rinaire sp\u00e9cialiste\u00a0(VTS)<\/option><option value=\"Certified Veterinary Practitioner Manager (CVPM)\" >Gestionnaire d\u2019\u00e9tablissement agr\u00e9\u00e9 (CVPM)<\/option><option value=\"Registered Laboratory Animal Technician (RLAT)\" >Technicien\/technicienne agr\u00e9\u00e9\/agr\u00e9\u00e9e dans les soins des animaux de laboratoire, niveau 1<\/option><option value=\"Registered Master Laboratory Animal Technician (RMLAT)\" >Technicien\/technicienne agr\u00e9\u00e9\/agr\u00e9\u00e9e dans les soins des animaux de laboratoire, niveau\u00a02<\/option><\/select><\/div><\/div><div  class=\"um-field um-field-block  um-field-block um-field-type_block\" data-key=\"um_block_680_6\"><div class=\"d-flex justify-content-end\"><p class=\"small\">*Required Information<\/p><\/div><\/div><div  id=\"um_field_680_user_subscription\" class=\"um-field um-field-checkbox  um-field-user_subscription um-field-checkbox um-field-type_checkbox\" data-key=\"user_subscription\"  aria-invalid=\"false\" ><div class=\"um-field-area\"><label class=\"um-field-checkbox  um-field-half \"><input   type=\"checkbox\" name=\"user_subscription[]\" value=\"I agree to receive communications from the RVTTC.\"  \/><span class=\"um-field-checkbox-state\"><i class=\"um-icon-android-checkbox-outline-blank\"><\/i><\/span><span class=\"um-field-checkbox-option\">J\u2019accepte de recevoir des communications de TTVAC.<\/span><\/label><div class=\"um-clear\"><\/div><\/div><\/div><div  class=\"um-field um-field-block  um-field-block um-field-type_block\" data-key=\"um_block_680_9\"><p class=\"small\">You can unsubscribe from these communications at any time. For more information on how to unsubscribe or privacy practices, and how we are committed to protecting and respecting your privacy, please review our\u00a0<a href=\"https:\/\/rvtcareernavigator.ca\/privacy-policy\/\" target=\"_blank\" rel=\"noopener\">Privacy Policy<\/a>.<\/p><\/div><div  class=\"um-field um-field-block  um-field-block um-field-type_block\" data-key=\"um_block_680_10\"><p class=\"small\">By clicking \"Sign Up\" below, you consent to allow the RVTTC to store and process the personal information submitted above to provide you the content requested.<\/p><\/div><\/div><\/div>\r\n<!-- This file should primarily consist of HTML with a little bit of PHP. -->\r\n<div\r\n    class=\"um-field um-field-type_terms_conditions my-4\"\r\n    data-key=\"use_terms_conditions_agreement\"\r\n    style=\"display:block;padding:0;\"\r\n>\r\n\t<div class=\"um-field-area\">\r\n        \r\n\t\t<label class=\"um-field-checkbox\">\r\n\t\t\t<input type=\"checkbox\" name=\"use_gdpr_agreement\" value=\"1\">\r\n\t\t\t<span class=\"um-field-checkbox-state\"><i class=\"um-icon-android-checkbox-outline-blank\"><\/i><\/span>\r\n\t\t\t<span class=\"um-field-checkbox-option\">J\u2019accepte la                 <a href=\"https:\/\/rvtcareernavigator.ca\/fr\/politique-de-confidentialite\/\" target=\"_blank\">Politique de confidentialit\u00e9<\/a>.<\/span>\r\n\t\t<\/label>\r\n\t\t<div class=\"um-clear\"><\/div>\r\n\r\n\t\t\r\n\t\t<div class=\"um-clear\"><\/div>\r\n\t<\/div>\r\n<\/div>\t<input type=\"hidden\" name=\"form_id\" id=\"form_id_680\" value=\"680\" \/>\n\t\t<p class=\"um_request_name\">\n\t\t<label for=\"um_request_680\">Only fill in if you are not human<\/label>\n\t\t<input type=\"hidden\" name=\"um_request\" id=\"um_request_680\" class=\"input\" value=\"\" size=\"25\" autocomplete=\"off\" \/>\n\t<\/p>\n\t<input type=\"hidden\" id=\"_wpnonce\" name=\"_wpnonce\" value=\"f14203b100\" \/><input type=\"hidden\" name=\"_wp_http_referer\" value=\"\/fr\/wp-json\/wp\/v2\/pages\/2188\" \/><div class=\"d-flex justify-content-end my-4\">\n    <input\n        type=\"submit\"\n        value=\"M\u2019inscrire\"\n        class=\"btn btn-primary text-uppercase font-weight-bolder px-5 py-2\"\n        id=\"um-submit-btn\"\n    \/>\n<\/div>\n<div class=\"my-4 small um-field-block\">\n    <p class=\"activation-notice mb-4\">\n<p class=\"activation-notice mb-4\">Apr\u00e8s avoir cliqu\u00e9 sur le bouton \u00ab M\u2019inscrire \u00bb, vous recevrez un courriel avec un lien pour valider votre compte. Si vous ne voyez pas le courriel, regardez dans vos dossiers de courrier ind\u00e9sirable\/pourriels.<\/p>\n<p> Si vous ne voyez pas le courriel, regardez dans vos dossiers de courrier ind\u00e9sirable\/pourriels.<\/p>\n<p>Les renseignements obligatoires sont requis dans l\u2019\u00e9ventualit\u00e9 o\u00f9 votre mot de passe doit \u00eatre r\u00e9initialis\u00e9.<\/p>\n<p>Les renseignements que vous fournissez pour cr\u00e9er un compte sont utilis\u00e9s pour conserver l\u2019information li\u00e9e \u00e0 votre plan de carri\u00e8re et vous permettre d\u2019y acc\u00e9der en tout temps. Ils ne seront ni vendus ni communiqu\u00e9s \u00e0 des tiers.<\/p>\n\n<\/div>\n<div class=\"g-recaptcha\" id=\"um-680\" data-mode=\"register\"><\/div>\n\n\t\t<\/form>\n\t<\/div>\n<\/div>\n<style>\n\t\t\t.um-680.um {\n\t\t\tmax-width: 768px;\n\t\t}\n\t\t<\/style>\n\n","protected":false},"excerpt":{"rendered":"<p>Planifiez votre carri\u00e8re C\u2019est le temps de penser \u00e0 votre avenir!<\/p>\n","protected":false},"author":2,"featured_media":891,"parent":0,"menu_order":0,"comment_status":"closed","ping_status":"closed","template":"","meta":{"_acf_changed":false,"site-sidebar-layout":"","site-content-layout":"","ast-site-content-layout":"default","site-content-style":"default","site-sidebar-style":"default","ast-global-header-display":"","ast-banner-title-visibility":"","ast-main-header-display":"","ast-hfb-above-header-display":"","ast-hfb-below-header-display":"","ast-hfb-mobile-header-display":"","site-post-title":"disabled","ast-breadcrumbs-content":"","ast-featured-img":"disabled","footer-sml-layout":"","ast-disable-related-posts":"","theme-transparent-header-meta":"","adv-header-id-meta":"","stick-header-meta":"","header-above-stick-meta":"","header-main-stick-meta":"","header-below-stick-meta":"","astra-migrate-meta-layouts":"default","ast-page-background-enabled":"default","ast-page-background-meta":{"desktop":{"background-color":"var(--ast-global-color-4)","background-image":"","background-repeat":"repeat","background-position":"center center","background-size":"auto","background-attachment":"scroll","background-type":"","background-media":"","overlay-type":"","overlay-color":"","overlay-opacity":"","overlay-gradient":""},"tablet":{"background-color":"","background-image":"","background-repeat":"repeat","background-position":"center center","background-size":"auto","background-attachment":"scroll","background-type":"","background-media":"","overlay-type":"","overlay-color":"","overlay-opacity":"","overlay-gradient":""},"mobile":{"background-color":"","background-image":"","background-repeat":"repeat","background-position":"center center","background-size":"auto","background-attachment":"scroll","background-type":"","background-media":"","overlay-type":"","overlay-color":"","overlay-opacity":"","overlay-gradient":""}},"ast-content-background-meta":{"desktop":{"background-color":"var(--ast-global-color-5)","background-image":"","background-repeat":"repeat","background-position":"center center","background-size":"auto","background-attachment":"scroll","background-type":"","background-media":"","overlay-type":"","overlay-color":"","overlay-opacity":"","overlay-gradient":""},"tablet":{"background-color":"var(--ast-global-color-5)","background-image":"","background-repeat":"repeat","background-position":"center center","background-size":"auto","background-attachment":"scroll","background-type":"","background-media":"","overlay-type":"","overlay-color":"","overlay-opacity":"","overlay-gradient":""},"mobile":{"background-color":"var(--ast-global-color-5)","background-image":"","background-repeat":"repeat","background-position":"center center","background-size":"auto","background-attachment":"scroll","background-type":"","background-media":"","overlay-type":"","overlay-color":"","overlay-opacity":"","overlay-gradient":""}},"footnotes":""},"class_list":["post-2188","page","type-page","status-publish","has-post-thumbnail","hentry"],"acf":[],"_links":{"self":[{"href":"https:\/\/rvtcareernavigator.ca\/fr\/wp-json\/wp\/v2\/pages\/2188","targetHints":{"allow":["GET"]}}],"collection":[{"href":"https:\/\/rvtcareernavigator.ca\/fr\/wp-json\/wp\/v2\/pages"}],"about":[{"href":"https:\/\/rvtcareernavigator.ca\/fr\/wp-json\/wp\/v2\/types\/page"}],"author":[{"embeddable":true,"href":"https:\/\/rvtcareernavigator.ca\/fr\/wp-json\/wp\/v2\/users\/2"}],"replies":[{"embeddable":true,"href":"https:\/\/rvtcareernavigator.ca\/fr\/wp-json\/wp\/v2\/comments?post=2188"}],"version-history":[{"count":1,"href":"https:\/\/rvtcareernavigator.ca\/fr\/wp-json\/wp\/v2\/pages\/2188\/revisions"}],"predecessor-version":[{"id":2189,"href":"https:\/\/rvtcareernavigator.ca\/fr\/wp-json\/wp\/v2\/pages\/2188\/revisions\/2189"}],"wp:featuredmedia":[{"embeddable":true,"href":"https:\/\/rvtcareernavigator.ca\/fr\/wp-json\/wp\/v2\/media\/891"}],"wp:attachment":[{"href":"https:\/\/rvtcareernavigator.ca\/fr\/wp-json\/wp\/v2\/media?parent=2188"}],"curies":[{"name":"wp","href":"https:\/\/api.w.org\/{rel}","templated":true}]}}