{"id":2175,"date":"2021-12-15T19:08:37","date_gmt":"2021-12-15T19:08:37","guid":{"rendered":"https:\/\/rvtcareernavigator.ca\/planifiez-votre-carriere\/"},"modified":"2022-01-07T16:49:33","modified_gmt":"2022-01-07T16:49:33","slug":"planifiez-votre-carriere","status":"publish","type":"page","link":"https:\/\/rvtcareernavigator.ca\/fr\/planifiez-votre-carriere\/","title":{"rendered":"Planifiez votre carri\u00e8re"},"content":{"rendered":"\n<div class=\"wp-block-group alignfull pale-gray-bg title-with-bg-image is-layout-flow wp-block-group-is-layout-flow\"><div class=\"wp-block-group__inner-container\">\n<div class=\"wp-block-columns title-columns is-layout-flex wp-container-core-columns-is-layout-28f84493 wp-block-columns-is-layout-flex\">\n<div class=\"wp-block-column is-layout-flow wp-block-column-is-layout-flow\" style=\"flex-basis:45%\">\n<h1 class=\"wp-block-heading\">Planifiez votre carri\u00e8re<\/h1>\n\n\n\n<hr class=\"wp-block-separator md\"\/>\n\n\n\n<h4 class=\"wp-block-heading\">Pr\u00e9parez votre avenir.\u00a0<\/h4>\n\n\n\n<h6 class=\"wp-block-heading\">Servez-vous de l\u2019outil de planification de carri\u00e8re pour cr\u00e9er un plan d\u2019avenir pr\u00e9sentant les occasions qui s\u2019offrent \u00e0 vous et les prochaines \u00e9tapes.\u00a0<br><br>\u00a0Acc\u00e9dez \u00e0 votre compte ou cr\u00e9ez un compte pour continuer.\u00a0<\/h6>\n\n\n<a class=\"btn btn-chart-tool-cta login d-inline-block\" href=\"\/login\" title=\"Connexion\">Connexion<\/a>\n<a class=\"btn btn-chart-tool-cta register d-inline-block\" href=\"\/register\" title=\"Cr\u00e9er un compte\">Cr\u00e9er un compte<\/a>\n<\/div>\n\n\n\n<div class=\"wp-block-column d-none is-layout-flow wp-block-column-is-layout-flow\" style=\"flex-basis:55%\"><\/div>\n<\/div>\n\n\n\n<figure class=\"wp-block-image alignfull size-full mobile-banner-img\"><img loading=\"lazy\" decoding=\"async\" width=\"768\" height=\"282\" src=\"https:\/\/rvtcareernavigator.ca\/wp-content\/uploads\/2021\/11\/ChartYourCareer_Banner_Mobile.jpg\" alt=\"\" class=\"wp-image-1124\" srcset=\"https:\/\/rvtcareernavigator.ca\/wp-content\/uploads\/2021\/11\/ChartYourCareer_Banner_Mobile.jpg 768w, https:\/\/rvtcareernavigator.ca\/wp-content\/uploads\/2021\/11\/ChartYourCareer_Banner_Mobile-300x110.jpg 300w\" sizes=\"auto, (max-width: 768px) 100vw, 768px\" \/><\/figure>\n<\/div><\/div>\n\n\n\n<h3 class=\"wp-block-heading\"><\/h3>\n\n\n\n<p class=\"mb-5\"><\/p>\n","protected":false},"excerpt":{"rendered":"<p>Planifiez votre carri\u00e8re Pr\u00e9parez votre avenir.\u00a0 Servez-vous de l\u2019outil de planification de carri\u00e8re pour cr\u00e9er un plan d\u2019avenir pr\u00e9sentant les occasions qui s\u2019offrent \u00e0 vous et les prochaines \u00e9tapes.\u00a0 \u00a0Acc\u00e9dez \u00e0 votre compte ou cr\u00e9ez un compte pour continuer.\u00a0<\/p>\n","protected":false},"author":2,"featured_media":1046,"parent":0,"menu_order":0,"comment_status":"closed","ping_status":"closed","template":"","meta":{"_acf_changed":false,"site-sidebar-layout":"","site-content-layout":"","ast-site-content-layout":"default","site-content-style":"default","site-sidebar-style":"default","ast-global-header-display":"","ast-banner-title-visibility":"","ast-main-header-display":"","ast-hfb-above-header-display":"","ast-hfb-below-header-display":"","ast-hfb-mobile-header-display":"","site-post-title":"disabled","ast-breadcrumbs-content":"","ast-featured-img":"disabled","footer-sml-layout":"","ast-disable-related-posts":"","theme-transparent-header-meta":"","adv-header-id-meta":"","stick-header-meta":"","header-above-stick-meta":"","header-main-stick-meta":"","header-below-stick-meta":"","astra-migrate-meta-layouts":"default","ast-page-background-enabled":"default","ast-page-background-meta":{"desktop":{"background-color":"var(--ast-global-color-4)","background-image":"","background-repeat":"repeat","background-position":"center center","background-size":"auto","background-attachment":"scroll","background-type":"","background-media":"","overlay-type":"","overlay-color":"","overlay-opacity":"","overlay-gradient":""},"tablet":{"background-color":"","background-image":"","background-repeat":"repeat","background-position":"center center","background-size":"auto","background-attachment":"scroll","background-type":"","background-media":"","overlay-type":"","overlay-color":"","overlay-opacity":"","overlay-gradient":""},"mobile":{"background-color":"","background-image":"","background-repeat":"repeat","background-position":"center center","background-size":"auto","background-attachment":"scroll","background-type":"","background-media":"","overlay-type":"","overlay-color":"","overlay-opacity":"","overlay-gradient":""}},"ast-content-background-meta":{"desktop":{"background-color":"var(--ast-global-color-5)","background-image":"","background-repeat":"repeat","background-position":"center center","background-size":"auto","background-attachment":"scroll","background-type":"","background-media":"","overlay-type":"","overlay-color":"","overlay-opacity":"","overlay-gradient":""},"tablet":{"background-color":"var(--ast-global-color-5)","background-image":"","background-repeat":"repeat","background-position":"center center","background-size":"auto","background-attachment":"scroll","background-type":"","background-media":"","overlay-type":"","overlay-color":"","overlay-opacity":"","overlay-gradient":""},"mobile":{"background-color":"var(--ast-global-color-5)","background-image":"","background-repeat":"repeat","background-position":"center center","background-size":"auto","background-attachment":"scroll","background-type":"","background-media":"","overlay-type":"","overlay-color":"","overlay-opacity":"","overlay-gradient":""}},"footnotes":""},"class_list":["post-2175","page","type-page","status-publish","has-post-thumbnail","hentry"],"acf":[],"_links":{"self":[{"href":"https:\/\/rvtcareernavigator.ca\/fr\/wp-json\/wp\/v2\/pages\/2175","targetHints":{"allow":["GET"]}}],"collection":[{"href":"https:\/\/rvtcareernavigator.ca\/fr\/wp-json\/wp\/v2\/pages"}],"about":[{"href":"https:\/\/rvtcareernavigator.ca\/fr\/wp-json\/wp\/v2\/types\/page"}],"author":[{"embeddable":true,"href":"https:\/\/rvtcareernavigator.ca\/fr\/wp-json\/wp\/v2\/users\/2"}],"replies":[{"embeddable":true,"href":"https:\/\/rvtcareernavigator.ca\/fr\/wp-json\/wp\/v2\/comments?post=2175"}],"version-history":[{"count":6,"href":"https:\/\/rvtcareernavigator.ca\/fr\/wp-json\/wp\/v2\/pages\/2175\/revisions"}],"predecessor-version":[{"id":2822,"href":"https:\/\/rvtcareernavigator.ca\/fr\/wp-json\/wp\/v2\/pages\/2175\/revisions\/2822"}],"wp:featuredmedia":[{"embeddable":true,"href":"https:\/\/rvtcareernavigator.ca\/fr\/wp-json\/wp\/v2\/media\/1046"}],"wp:attachment":[{"href":"https:\/\/rvtcareernavigator.ca\/fr\/wp-json\/wp\/v2\/media?parent=2175"}],"curies":[{"name":"wp","href":"https:\/\/api.w.org\/{rel}","templated":true}]}}