{"id":2119,"date":"2021-12-14T20:52:33","date_gmt":"2021-12-14T20:52:33","guid":{"rendered":"https:\/\/rvtcareernavigator.ca\/connexion\/"},"modified":"2022-01-10T15:12:55","modified_gmt":"2022-01-10T15:12:55","slug":"connexion","status":"publish","type":"page","link":"https:\/\/rvtcareernavigator.ca\/fr\/connexion\/","title":{"rendered":"Connexion"},"content":{"rendered":"\n<div class=\"wp-block-group alignfull pale-gray-bg title-with-bg-image is-layout-flow wp-block-group-is-layout-flow\"><div class=\"wp-block-group__inner-container\">\n<div class=\"wp-block-columns title-columns is-layout-flex wp-container-core-columns-is-layout-28f84493 wp-block-columns-is-layout-flex\">\n<div class=\"wp-block-column is-layout-flow wp-block-column-is-layout-flow\" style=\"flex-basis:45%\">\n<h1 class=\"wp-block-heading\">Planifiez votre carri\u00e8re<\/h1>\n\n\n\n<hr class=\"wp-block-separator md\"\/>\n\n\n\n<h4 class=\"wp-block-heading\">Pr\u00e9parez votre avenir.<\/h4>\n\n\n\n<p>Servez-vous de <strong>l\u2019outil de planification de carri\u00e8re<\/strong> pour cr\u00e9er un plan d\u2019avenir pr\u00e9sentant les occasions qui s\u2019offrent \u00e0 vous et les prochaines \u00e9tapes. <br\/>Acc\u00e9dez \u00e0 votre compte ou cr\u00e9ez un compte pour continuer. <\/p>\n<\/div>\n\n\n\n<div class=\"wp-block-column d-none is-layout-flow wp-block-column-is-layout-flow\" style=\"flex-basis:55%\"><\/div>\n<\/div>\n\n\n\n<figure class=\"wp-block-image alignfull size-full mobile-banner-img\"><img loading=\"lazy\" decoding=\"async\" width=\"768\" height=\"282\" src=\"https:\/\/rvtcareernavigator.ca\/wp-content\/uploads\/2021\/11\/ChartYourCareer_Banner_Mobile.jpg\" alt=\"\" class=\"wp-image-1124\" srcset=\"https:\/\/rvtcareernavigator.ca\/wp-content\/uploads\/2021\/11\/ChartYourCareer_Banner_Mobile.jpg 768w, https:\/\/rvtcareernavigator.ca\/wp-content\/uploads\/2021\/11\/ChartYourCareer_Banner_Mobile-300x110.jpg 300w\" sizes=\"auto, (max-width: 768px) 100vw, 768px\" \/><\/figure>\n<\/div><\/div>\n\n<div class=\"um um-login um-681\">\n\t<div class=\"um-form\">\n\t\t<form method=\"post\" action=\"\" autocomplete=\"off\">\n\t\t\t<div class=\"um-col\">\n    <div class=\"um-center\">\n        <h3>Cr\u00e9er un compte<\/h3>\n    <\/div>\n    <div class=\"um-center\">\n        <a\n            href=\"https:\/\/rvtcareernavigator.ca\/fr\/sinscrire\/\"\n            class=\"btn btn-primary text-uppercase font-weight-bolder px-5 py-2\">\n            Inscrivez-vous ici\n        <\/a>\n    <\/div>\n    <hr class=\"full\">\n    <div class=\"um-center\">\n        <h3>Connexion<\/h3>\n        <h4>Si vous avez d\u00e9j\u00e0 un compte<\/h4>\n    <\/div>\n<\/div><div class=\"um-row _um_row_1 \" style=\"margin: 0 0 30px 0;\"><div class=\"um-col-1\"><div  id=\"um_field_681_username\" class=\"um-field um-field-text  um-field-username um-field-text um-field-type_text\" data-key=\"username\"><div class=\"um-field-label\"><label for=\"username-681\">Nom d\u2019utilisateur ou courriel<span class=\"um-req\" title=\"Obligatoire\">*<\/span><\/label><div class=\"um-clear\"><\/div><\/div><div class=\"um-field-area\"><input  autocomplete=\"off\" class=\"um-form-field valid \" type=\"text\" name=\"username-681\" id=\"username-681\" value=\"\" placeholder=\"\" data-validate=\"unique_username_or_email\" data-key=\"username\"  aria-invalid=\"false\" \/>\n\n\t\t\t\t\t\t<\/div><\/div><div  id=\"um_field_681_user_password\" class=\"um-field um-field-password  um-field-user_password um-field-password um-field-type_password\" data-key=\"user_password\"><div class=\"um-field-label\"><label for=\"user_password-681\">Mot de passe<span class=\"um-req\" title=\"Obligatoire\">*<\/span><\/label><div class=\"um-clear\"><\/div><\/div><div class=\"um-field-area\"><input class=\"um-form-field valid \" type=\"password\" name=\"user_password-681\" id=\"user_password-681\" value=\"\" placeholder=\"\" data-validate=\"\" data-key=\"user_password\"  aria-invalid=\"false\" \/>\n\n\t\t\t\t\t\t\t<\/div><\/div><\/div><\/div>\t<input type=\"hidden\" name=\"form_id\" id=\"form_id_681\" value=\"681\" \/>\n\t\t<p class=\"um_request_name\">\n\t\t<label for=\"um_request_681\">Only fill in if you are not human<\/label>\n\t\t<input type=\"hidden\" name=\"um_request\" id=\"um_request_681\" class=\"input\" value=\"\" size=\"25\" autocomplete=\"off\" \/>\n\t<\/p>\n\t<input type=\"hidden\" id=\"_wpnonce\" name=\"_wpnonce\" value=\"1a36fcebf7\" \/><input type=\"hidden\" name=\"_wp_http_referer\" value=\"\/fr\/wp-json\/wp\/v2\/pages\/2119\" \/><div class=\"d-flex flex-wrap my-3 my-md-5 login-button-block\">\n        <div class=\"flex-basis-100 mb-4\">\n\n\t\t\t<div class=\"um-field um-field-c\">\n\t\t\t\t<div class=\"um-field-area\">\n\t\t\t\t\t<label class=\"um-field-checkbox\">\n\t\t\t\t\t\t<input type=\"checkbox\" name=\"rememberme\" value=\"1\"  \/>\n\t\t\t\t\t\t<span class=\"um-field-checkbox-state\"><i class=\"um-icon-android-checkbox-outline-blank\"><\/i><\/span>\n\t\t\t\t\t\t<span class=\"um-field-checkbox-option\"> M\u00e9moriser<\/span>\n\t\t\t\t\t<\/label>\n\t\t\t\t<\/div>\n\t\t\t<\/div>\n\n\t\t\t<\/div>\n        <div class=\"flex-basis-100 flex-basis-sm-50 mb-4 mb-sm-0 align-self-center text-center text-sm-left\">\n        <a href=\"https:\/\/rvtcareernavigator.ca\/fr\/reinitialisation-du-mot-de-passe\/\">\n            Mot de passe oubli\u00e9\u00a0?\n        <\/a>\n    <\/div>\n    <div class=\"flex-basis-100 flex-basis-sm-50 text-center text-sm-right\">\n        <input\n            type=\"submit\"\n            value=\"Connexion\"\n            class=\"btn btn-primary text-uppercase font-weight-bolder px-5 py-2\"\n            id=\"um-submit-btn\"\n        \/>\n    <\/div>\n<\/div><div class=\"um-col-alt-b\">If you have registered but did not receive an activation email, \t\t<a href=\"https:\/\/rvtcareernavigator.ca\/fr\/?page_id=2978\" class=\"\">click here to request a new activation email.<\/a>\n\t\t<\/div><div class=\"um-col-alt-b\">\n    <p class=\"small\">Les renseignements que vous fournissez pour cr\u00e9er un compte sont utilis\u00e9s pour conserver l\u2019information li\u00e9e \u00e0 votre plan de carri\u00e8re et vous permettre d\u2019y acc\u00e9der en tout temps. Ils ne seront ni vendus ni communiqu\u00e9s \u00e0 des tiers.<\/p>\n<\/div>\n<div class=\"g-recaptcha\" id=\"um-681\" data-mode=\"login\"><\/div>\n\n\t\t<\/form>\n\t<\/div>\n<\/div>\n<style>\n\t\t\t.um-681.um {\n\t\t\tmax-width: 768px;\n\t\t}\n\t\t<\/style>\n\n","protected":false},"excerpt":{"rendered":"<p>Planifiez votre carri\u00e8re Pr\u00e9parez votre avenir. Servez-vous de l\u2019outil de planification de carri\u00e8re pour cr\u00e9er un plan d\u2019avenir pr\u00e9sentant les occasions qui s\u2019offrent \u00e0 vous et les prochaines \u00e9tapes. Acc\u00e9dez \u00e0 votre compte ou cr\u00e9ez un compte pour continuer.<\/p>\n","protected":false},"author":2,"featured_media":891,"parent":0,"menu_order":0,"comment_status":"closed","ping_status":"closed","template":"","meta":{"_acf_changed":false,"site-sidebar-layout":"","site-content-layout":"","ast-site-content-layout":"default","site-content-style":"default","site-sidebar-style":"default","ast-global-header-display":"","ast-banner-title-visibility":"","ast-main-header-display":"","ast-hfb-above-header-display":"","ast-hfb-below-header-display":"","ast-hfb-mobile-header-display":"","site-post-title":"disabled","ast-breadcrumbs-content":"","ast-featured-img":"disabled","footer-sml-layout":"","ast-disable-related-posts":"","theme-transparent-header-meta":"","adv-header-id-meta":"","stick-header-meta":"","header-above-stick-meta":"","header-main-stick-meta":"","header-below-stick-meta":"","astra-migrate-meta-layouts":"default","ast-page-background-enabled":"default","ast-page-background-meta":{"desktop":{"background-color":"var(--ast-global-color-4)","background-image":"","background-repeat":"repeat","background-position":"center center","background-size":"auto","background-attachment":"scroll","background-type":"","background-media":"","overlay-type":"","overlay-color":"","overlay-opacity":"","overlay-gradient":""},"tablet":{"background-color":"","background-image":"","background-repeat":"repeat","background-position":"center center","background-size":"auto","background-attachment":"scroll","background-type":"","background-media":"","overlay-type":"","overlay-color":"","overlay-opacity":"","overlay-gradient":""},"mobile":{"background-color":"","background-image":"","background-repeat":"repeat","background-position":"center center","background-size":"auto","background-attachment":"scroll","background-type":"","background-media":"","overlay-type":"","overlay-color":"","overlay-opacity":"","overlay-gradient":""}},"ast-content-background-meta":{"desktop":{"background-color":"var(--ast-global-color-5)","background-image":"","background-repeat":"repeat","background-position":"center center","background-size":"auto","background-attachment":"scroll","background-type":"","background-media":"","overlay-type":"","overlay-color":"","overlay-opacity":"","overlay-gradient":""},"tablet":{"background-color":"var(--ast-global-color-5)","background-image":"","background-repeat":"repeat","background-position":"center center","background-size":"auto","background-attachment":"scroll","background-type":"","background-media":"","overlay-type":"","overlay-color":"","overlay-opacity":"","overlay-gradient":""},"mobile":{"background-color":"var(--ast-global-color-5)","background-image":"","background-repeat":"repeat","background-position":"center center","background-size":"auto","background-attachment":"scroll","background-type":"","background-media":"","overlay-type":"","overlay-color":"","overlay-opacity":"","overlay-gradient":""}},"footnotes":""},"class_list":["post-2119","page","type-page","status-publish","has-post-thumbnail","hentry"],"acf":[],"_links":{"self":[{"href":"https:\/\/rvtcareernavigator.ca\/fr\/wp-json\/wp\/v2\/pages\/2119","targetHints":{"allow":["GET"]}}],"collection":[{"href":"https:\/\/rvtcareernavigator.ca\/fr\/wp-json\/wp\/v2\/pages"}],"about":[{"href":"https:\/\/rvtcareernavigator.ca\/fr\/wp-json\/wp\/v2\/types\/page"}],"author":[{"embeddable":true,"href":"https:\/\/rvtcareernavigator.ca\/fr\/wp-json\/wp\/v2\/users\/2"}],"replies":[{"embeddable":true,"href":"https:\/\/rvtcareernavigator.ca\/fr\/wp-json\/wp\/v2\/comments?post=2119"}],"version-history":[{"count":7,"href":"https:\/\/rvtcareernavigator.ca\/fr\/wp-json\/wp\/v2\/pages\/2119\/revisions"}],"predecessor-version":[{"id":2830,"href":"https:\/\/rvtcareernavigator.ca\/fr\/wp-json\/wp\/v2\/pages\/2119\/revisions\/2830"}],"wp:featuredmedia":[{"embeddable":true,"href":"https:\/\/rvtcareernavigator.ca\/fr\/wp-json\/wp\/v2\/media\/891"}],"wp:attachment":[{"href":"https:\/\/rvtcareernavigator.ca\/fr\/wp-json\/wp\/v2\/media?parent=2119"}],"curies":[{"name":"wp","href":"https:\/\/api.w.org\/{rel}","templated":true}]}}