{"id":2021,"date":"2021-12-14T01:04:04","date_gmt":"2021-12-14T01:04:04","guid":{"rendered":"https:\/\/rvtcareernavigator.ca\/accueil\/"},"modified":"2021-12-14T02:01:16","modified_gmt":"2021-12-14T02:01:16","slug":"accueil","status":"publish","type":"page","link":"https:\/\/rvtcareernavigator.ca\/fr\/","title":{"rendered":"Accueil"},"content":{"rendered":"\n<div class=\"wp-block-group alignfull pale-gray-bg title-with-bg-image is-layout-flow wp-block-group-is-layout-flow\"><div class=\"wp-block-group__inner-container\">\n<div class=\"wp-block-columns title-columns is-layout-flex wp-container-core-columns-is-layout-28f84493 wp-block-columns-is-layout-flex\">\n<div class=\"wp-block-column is-layout-flow wp-block-column-is-layout-flow\" style=\"flex-basis:45%\">\n<h1 class=\"wp-block-heading\">Apprenez et d\u00e9couvrez<\/h1>\n\n\n\n<hr class=\"wp-block-separator md\"\/>\n\n\n\n<h4 class=\"wp-block-heading\">Bienvenue dans le Navigateur de carri\u00e8re des TSAc\/RVT, un site web pour la planification de carri\u00e8re et l\u2019avancement professionnel des TSAc\/RVT!<\/h4>\n<\/div>\n\n\n\n<div class=\"wp-block-column d-none is-layout-flow wp-block-column-is-layout-flow\" style=\"flex-basis:55%\"><\/div>\n<\/div>\n\n\n\n<figure class=\"wp-block-image alignfull size-full mobile-banner-img\"><img loading=\"lazy\" decoding=\"async\" width=\"768\" height=\"282\" src=\"https:\/\/rvtcareernavigator.ca\/wp-content\/uploads\/2021\/11\/home-mobile.jpg\" alt=\"\" class=\"wp-image-1232\" srcset=\"https:\/\/rvtcareernavigator.ca\/wp-content\/uploads\/2021\/11\/home-mobile.jpg 768w, https:\/\/rvtcareernavigator.ca\/wp-content\/uploads\/2021\/11\/home-mobile-300x110.jpg 300w\" sizes=\"auto, (max-width: 768px) 100vw, 768px\" \/><\/figure>\n<\/div><\/div>\n\n\n\n<h3 class=\"wp-block-heading\">Explorer les options<\/h3>\n\n\n\n<p>Si vous voulez entreprendre une carri\u00e8re en soins v\u00e9t\u00e9rinaires ou progresser dans votre carri\u00e8re actuelle, le Navigateur de carri\u00e8re des TSAc\/RVT est l\u00e0 pour vous aider. Il convient autant aux \u00e9tudiants du secondaire qui r\u00e9fl\u00e9chissent \u00e0 leur carri\u00e8re qu\u2019aux personnes qui travaillent d\u00e9j\u00e0 et cherchent \u00e0 se r\u00e9orienter. Il s\u2019adresse aussi aux techniciens\/techniciennes et technologues en sant\u00e9 animale certifi\u00e9s qui veulent voir les options qui leur sont offertes.<\/p>\n\n\n\n<p>Faites des recherches, d\u00e9couvrez les possibilit\u00e9s et cr\u00e9ez votre propre parcours professionnel selon vos comp\u00e9tences, votre exp\u00e9rience, votre formation, vos int\u00e9r\u00eats, vos objectifs professionnels et <strong>votre personnalit\u00e9<\/strong>.<\/p>\n\n\n\n<div class=\"wp-block-group alignfull mb-0 pale-gray-bg py-0 is-layout-flow wp-block-group-is-layout-flow\"><div class=\"wp-block-group__inner-container\">\n<div class=\"wp-block-columns is-layout-flex wp-container-core-columns-is-layout-28f84493 wp-block-columns-is-layout-flex\">\n<div class=\"wp-block-column passion-column p-4 is-layout-flow wp-block-column-is-layout-flow\" style=\"flex-basis:50%\">\n<h3 class=\"wp-block-heading\">Vivez votre passion.<\/h3>\n\n\n\n<p>Apprenez-en plus sur les <a href=\"https:\/\/rvtcareernavigator.ca\/fr\/parcours-de-carriere\/\" data-type=\"page\" data-id=\"326\">parcours professionnels<\/a><\/p>\n<\/div>\n\n\n\n<div class=\"wp-block-column ml-0 is-layout-flow wp-block-column-is-layout-flow\" style=\"flex-basis:50%\">\n<figure class=\"wp-block-image alignfull size-large mb-0\"><img loading=\"lazy\" decoding=\"async\" width=\"1024\" height=\"439\" src=\"https:\/\/rvtcareernavigator.ca\/wp-content\/uploads\/2021\/12\/home-grid-1-1024x439.jpg\" alt=\"\" class=\"wp-image-1254\" srcset=\"https:\/\/rvtcareernavigator.ca\/wp-content\/uploads\/2021\/12\/home-grid-1-1024x439.jpg 1024w, https:\/\/rvtcareernavigator.ca\/wp-content\/uploads\/2021\/12\/home-grid-1-300x129.jpg 300w, https:\/\/rvtcareernavigator.ca\/wp-content\/uploads\/2021\/12\/home-grid-1-768x329.jpg 768w, https:\/\/rvtcareernavigator.ca\/wp-content\/uploads\/2021\/12\/home-grid-1.jpg 1240w\" sizes=\"auto, (max-width: 1024px) 100vw, 1024px\" \/><\/figure>\n<\/div>\n<\/div>\n<\/div><\/div>\n\n\n\n<div class=\"wp-block-group alignfull mt-0 mb-1 maroon-bg py-0 is-layout-flow wp-block-group-is-layout-flow\"><div class=\"wp-block-group__inner-container\">\n<div class=\"wp-block-columns is-layout-flex wp-container-core-columns-is-layout-28f84493 wp-block-columns-is-layout-flex\">\n<div class=\"wp-block-column is-layout-flow wp-block-column-is-layout-flow\" style=\"flex-basis:50%\">\n<figure class=\"wp-block-image alignfull size-large mb-0\"><img loading=\"lazy\" decoding=\"async\" width=\"1024\" height=\"531\" src=\"https:\/\/rvtcareernavigator.ca\/wp-content\/uploads\/2021\/12\/home-grid-2-1024x531.jpg\" alt=\"\" class=\"wp-image-1256\" srcset=\"https:\/\/rvtcareernavigator.ca\/wp-content\/uploads\/2021\/12\/home-grid-2-1024x531.jpg 1024w, https:\/\/rvtcareernavigator.ca\/wp-content\/uploads\/2021\/12\/home-grid-2-300x156.jpg 300w, https:\/\/rvtcareernavigator.ca\/wp-content\/uploads\/2021\/12\/home-grid-2-768x398.jpg 768w, https:\/\/rvtcareernavigator.ca\/wp-content\/uploads\/2021\/12\/home-grid-2.jpg 1240w\" sizes=\"auto, (max-width: 1024px) 100vw, 1024px\" \/><\/figure>\n<\/div>\n\n\n\n<div class=\"wp-block-column charting-tool-column ml-0 p-4 is-layout-flow wp-block-column-is-layout-flow\" style=\"flex-basis:50%\">\n<h3 class=\"wp-block-heading\">Trouvez votre voie dans une carri\u00e8re aux possibilit\u00e9s infinies.<\/h3>\n\n\n\n<p><a href=\"https:\/\/rvtcareernavigator.ca\/chart-your-career\/\" data-type=\"page\" data-id=\"769\">Planifiez votre carri\u00e8re<\/a><\/p>\n<\/div>\n<\/div>\n<\/div><\/div>\n","protected":false},"excerpt":{"rendered":"<p>Apprenez et d\u00e9couvrez Bienvenue dans le Navigateur de carri\u00e8re des TSAc\/RVT, un site web pour la planification de carri\u00e8re et l\u2019avancement professionnel des TSAc\/RVT! Explorer les options Si vous voulez entreprendre une carri\u00e8re en soins v\u00e9t\u00e9rinaires ou progresser dans votre carri\u00e8re actuelle, le Navigateur de carri\u00e8re des TSAc\/RVT est l\u00e0 pour vous aider. Il convient [&hellip;]<\/p>\n","protected":false},"author":1,"featured_media":1229,"parent":0,"menu_order":0,"comment_status":"closed","ping_status":"closed","template":"","meta":{"_acf_changed":false,"site-sidebar-layout":"","site-content-layout":"","ast-site-content-layout":"default","site-content-style":"default","site-sidebar-style":"default","ast-global-header-display":"","ast-banner-title-visibility":"","ast-main-header-display":"","ast-hfb-above-header-display":"","ast-hfb-below-header-display":"","ast-hfb-mobile-header-display":"","site-post-title":"disabled","ast-breadcrumbs-content":"","ast-featured-img":"disabled","footer-sml-layout":"","ast-disable-related-posts":"","theme-transparent-header-meta":"","adv-header-id-meta":"","stick-header-meta":"","header-above-stick-meta":"","header-main-stick-meta":"","header-below-stick-meta":"","astra-migrate-meta-layouts":"default","ast-page-background-enabled":"default","ast-page-background-meta":{"desktop":{"background-color":"var(--ast-global-color-4)","background-image":"","background-repeat":"repeat","background-position":"center center","background-size":"auto","background-attachment":"scroll","background-type":"","background-media":"","overlay-type":"","overlay-color":"","overlay-opacity":"","overlay-gradient":""},"tablet":{"background-color":"","background-image":"","background-repeat":"repeat","background-position":"center center","background-size":"auto","background-attachment":"scroll","background-type":"","background-media":"","overlay-type":"","overlay-color":"","overlay-opacity":"","overlay-gradient":""},"mobile":{"background-color":"","background-image":"","background-repeat":"repeat","background-position":"center center","background-size":"auto","background-attachment":"scroll","background-type":"","background-media":"","overlay-type":"","overlay-color":"","overlay-opacity":"","overlay-gradient":""}},"ast-content-background-meta":{"desktop":{"background-color":"var(--ast-global-color-5)","background-image":"","background-repeat":"repeat","background-position":"center center","background-size":"auto","background-attachment":"scroll","background-type":"","background-media":"","overlay-type":"","overlay-color":"","overlay-opacity":"","overlay-gradient":""},"tablet":{"background-color":"var(--ast-global-color-5)","background-image":"","background-repeat":"repeat","background-position":"center center","background-size":"auto","background-attachment":"scroll","background-type":"","background-media":"","overlay-type":"","overlay-color":"","overlay-opacity":"","overlay-gradient":""},"mobile":{"background-color":"var(--ast-global-color-5)","background-image":"","background-repeat":"repeat","background-position":"center center","background-size":"auto","background-attachment":"scroll","background-type":"","background-media":"","overlay-type":"","overlay-color":"","overlay-opacity":"","overlay-gradient":""}},"footnotes":""},"class_list":["post-2021","page","type-page","status-publish","has-post-thumbnail","hentry"],"acf":[],"_links":{"self":[{"href":"https:\/\/rvtcareernavigator.ca\/fr\/wp-json\/wp\/v2\/pages\/2021","targetHints":{"allow":["GET"]}}],"collection":[{"href":"https:\/\/rvtcareernavigator.ca\/fr\/wp-json\/wp\/v2\/pages"}],"about":[{"href":"https:\/\/rvtcareernavigator.ca\/fr\/wp-json\/wp\/v2\/types\/page"}],"author":[{"embeddable":true,"href":"https:\/\/rvtcareernavigator.ca\/fr\/wp-json\/wp\/v2\/users\/1"}],"replies":[{"embeddable":true,"href":"https:\/\/rvtcareernavigator.ca\/fr\/wp-json\/wp\/v2\/comments?post=2021"}],"version-history":[{"count":4,"href":"https:\/\/rvtcareernavigator.ca\/fr\/wp-json\/wp\/v2\/pages\/2021\/revisions"}],"predecessor-version":[{"id":2025,"href":"https:\/\/rvtcareernavigator.ca\/fr\/wp-json\/wp\/v2\/pages\/2021\/revisions\/2025"}],"wp:featuredmedia":[{"embeddable":true,"href":"https:\/\/rvtcareernavigator.ca\/fr\/wp-json\/wp\/v2\/media\/1229"}],"wp:attachment":[{"href":"https:\/\/rvtcareernavigator.ca\/fr\/wp-json\/wp\/v2\/media?parent=2021"}],"curies":[{"name":"wp","href":"https:\/\/api.w.org\/{rel}","templated":true}]}}