{"id":1740,"date":"2021-12-08T21:39:07","date_gmt":"2021-12-08T21:39:07","guid":{"rendered":"https:\/\/rvtcareernavigator.ca\/tasal-1-et-tasal-2\/"},"modified":"2021-12-17T05:51:04","modified_gmt":"2021-12-17T05:51:04","slug":"tasal-1-et-tasal-2","status":"publish","type":"page","link":"https:\/\/rvtcareernavigator.ca\/fr\/tasal-1-et-tasal-2\/","title":{"rendered":"TASAL-1 et TASAL-2"},"content":{"rendered":"\n<div class=\"wp-block-group alignfull pale-gray-bg title-with-bg-image is-layout-flow wp-block-group-is-layout-flow\"><div class=\"wp-block-group__inner-container\">\n<div class=\"wp-block-columns title-columns is-layout-flex wp-container-core-columns-is-layout-28f84493 wp-block-columns-is-layout-flex\">\n<div class=\"wp-block-column is-layout-flow wp-block-column-is-layout-flow\" style=\"flex-basis:75%\">\n<h1 class=\"wp-block-heading\">TASAL-1 et TASAL-2<\/h1>\n\n\n\n<hr class=\"wp-block-separator md\"\/>\n\n\n\n<h4 class=\"wp-block-heading\">Technicien\/technicienne agr\u00e9\u00e9\/agr\u00e9\u00e9e dans les soins des animaux de laboratoire, niveau 1<br><br>Technicien\/technicienne agr\u00e9\u00e9\/agr\u00e9\u00e9e dans les soins des animaux de laboratoire, niveau 2<\/h4>\n<\/div>\n\n\n\n<div class=\"wp-block-column d-none is-layout-flow wp-block-column-is-layout-flow\" style=\"flex-basis:25%\"><\/div>\n<\/div>\n\n\n\n<figure class=\"wp-block-image alignfull size-full mobile-banner-img\"><img loading=\"lazy\" decoding=\"async\" width=\"768\" height=\"282\" src=\"https:\/\/rvtcareernavigator.ca\/wp-content\/uploads\/2021\/11\/RLAT_Banner_Mobile.jpg\" alt=\"\" class=\"wp-image-1147\" srcset=\"https:\/\/rvtcareernavigator.ca\/wp-content\/uploads\/2021\/11\/RLAT_Banner_Mobile.jpg 768w, https:\/\/rvtcareernavigator.ca\/wp-content\/uploads\/2021\/11\/RLAT_Banner_Mobile-300x110.jpg 300w\" sizes=\"auto, (max-width: 768px) 100vw, 768px\" \/><\/figure>\n<\/div><\/div>\n\n\n\n<h3 class=\"wp-block-heading\">Qui sont les techniciens\/techniciennes agr\u00e9\u00e9s\/agr\u00e9\u00e9es dans les soins des animaux de laboratoire, niveau 1 et les techniciens\/techniciennes agr\u00e9\u00e9s\/agr\u00e9\u00e9es dans les soins des animaux de laboratoire, niveau 2?<\/h3>\n\n\n\n<p>Vous \u00eates-vous d\u00e9j\u00e0 demand\u00e9 comment un certain m\u00e9dicament ou traitement destin\u00e9 \u00e0 des animaux ou \u00e0 des humains a vu le jour? Ou comment son administration \u00e0 des animaux ou \u00e0 des humains a \u00e9t\u00e9 approuv\u00e9e? Les TSAc\/RVT qui travaillent dans le domaine de la science des animaux de laboratoire jouent un r\u00f4le important dans la cr\u00e9ation de nouveaux produits pharmaceutiques et d\u2019appareils m\u00e9dicaux pour les animaux et les humains en prot\u00e9geant les animaux gr\u00e2ce auxquels ces nouvelles technologies peuvent voir le jour.<\/p>\n\n\n\n<p>Les TASAL-1 et les TASAL-2 sont des experts des soins aux animaux de laboratoire, ce qui comprend notamment l\u2019\u00e9levage, la nutrition, les proc\u00e9dures techniques, la pr\u00e9vention des maladies et la bios\u00e9curit\u00e9, l\u2019assurance de la qualit\u00e9, la conformit\u00e9 ainsi que la s\u00e9curit\u00e9. De plus, ils poss\u00e8dent des comp\u00e9tences et des connaissances dans plusieurs domaines qui leur permettent entre autres de soutenir les scientifiques qui m\u00e8nent des recherches sur le processus pathog\u00e9nique et le traitement des maladies.<\/p>\n\n\n\n<p>La science des animaux de laboratoire combine le travail aupr\u00e8s des animaux de ferme et de zoo et celui aupr\u00e8s des animaux de laboratoire plus traditionnels comme les rats, les souris et les poissons. Le fait de recourir \u00e0 une si grande vari\u00e9t\u00e9 d\u2019esp\u00e8ces permet une meilleure compr\u00e9hension des interactions entre le traitement m\u00e9dical et le patient.<\/p>\n\n\n\n<hr class=\"wp-block-separator full mb-1\"\/>\n\n\n\n<div class=\"wp-block-columns alignfull flex-nowrap mt-0 image-bar is-layout-flex wp-container-core-columns-is-layout-28f84493 wp-block-columns-is-layout-flex\">\n<div class=\"wp-block-column mt-0 is-layout-flow wp-block-column-is-layout-flow\">\n<figure class=\"wp-block-image size-full\"><img loading=\"lazy\" decoding=\"async\" width=\"1024\" height=\"683\" src=\"https:\/\/rvtcareernavigator.ca\/wp-content\/uploads\/2021\/11\/rlat-mlat-mouse-image-1.jpg\" alt=\"\" class=\"wp-image-865\" srcset=\"https:\/\/rvtcareernavigator.ca\/wp-content\/uploads\/2021\/11\/rlat-mlat-mouse-image-1.jpg 1024w, https:\/\/rvtcareernavigator.ca\/wp-content\/uploads\/2021\/11\/rlat-mlat-mouse-image-1-300x200.jpg 300w, https:\/\/rvtcareernavigator.ca\/wp-content\/uploads\/2021\/11\/rlat-mlat-mouse-image-1-768x512.jpg 768w\" sizes=\"auto, (max-width: 1024px) 100vw, 1024px\" \/><\/figure>\n<\/div>\n\n\n\n<div class=\"wp-block-column mt-0 ml-1 is-layout-flow wp-block-column-is-layout-flow\">\n<figure class=\"wp-block-image size-full\"><img loading=\"lazy\" decoding=\"async\" width=\"1024\" height=\"683\" src=\"https:\/\/rvtcareernavigator.ca\/wp-content\/uploads\/2021\/12\/bret-kavanaugh-kGCR2C4R_FQ-unsplash-1.jpg\" alt=\"\" class=\"wp-image-2429\" srcset=\"https:\/\/rvtcareernavigator.ca\/wp-content\/uploads\/2021\/12\/bret-kavanaugh-kGCR2C4R_FQ-unsplash-1.jpg 1024w, https:\/\/rvtcareernavigator.ca\/wp-content\/uploads\/2021\/12\/bret-kavanaugh-kGCR2C4R_FQ-unsplash-1-300x200.jpg 300w, https:\/\/rvtcareernavigator.ca\/wp-content\/uploads\/2021\/12\/bret-kavanaugh-kGCR2C4R_FQ-unsplash-1-768x512.jpg 768w\" sizes=\"auto, (max-width: 1024px) 100vw, 1024px\" \/><\/figure>\n<\/div>\n\n\n\n<div class=\"wp-block-column mt-0 ml-1 is-layout-flow wp-block-column-is-layout-flow\">\n<figure class=\"wp-block-image size-full\"><img loading=\"lazy\" decoding=\"async\" width=\"1024\" height=\"683\" src=\"https:\/\/rvtcareernavigator.ca\/wp-content\/uploads\/2021\/11\/rlat-mlat-tech-image-3.jpg\" alt=\"\" class=\"wp-image-869\" srcset=\"https:\/\/rvtcareernavigator.ca\/wp-content\/uploads\/2021\/11\/rlat-mlat-tech-image-3.jpg 1024w, https:\/\/rvtcareernavigator.ca\/wp-content\/uploads\/2021\/11\/rlat-mlat-tech-image-3-300x200.jpg 300w, https:\/\/rvtcareernavigator.ca\/wp-content\/uploads\/2021\/11\/rlat-mlat-tech-image-3-768x512.jpg 768w\" sizes=\"auto, (max-width: 1024px) 100vw, 1024px\" \/><\/figure>\n<\/div>\n\n\n\n<div class=\"wp-block-column mt-0 ml-1 is-layout-flow wp-block-column-is-layout-flow\">\n<figure class=\"wp-block-image size-full\"><img loading=\"lazy\" decoding=\"async\" width=\"1024\" height=\"683\" src=\"https:\/\/rvtcareernavigator.ca\/wp-content\/uploads\/2021\/11\/rlat-mlat-dog-image-4.jpg\" alt=\"\" class=\"wp-image-871\" srcset=\"https:\/\/rvtcareernavigator.ca\/wp-content\/uploads\/2021\/11\/rlat-mlat-dog-image-4.jpg 1024w, https:\/\/rvtcareernavigator.ca\/wp-content\/uploads\/2021\/11\/rlat-mlat-dog-image-4-300x200.jpg 300w, https:\/\/rvtcareernavigator.ca\/wp-content\/uploads\/2021\/11\/rlat-mlat-dog-image-4-768x512.jpg 768w\" sizes=\"auto, (max-width: 1024px) 100vw, 1024px\" \/><\/figure>\n<\/div>\n<\/div>\n\n\n\n<h3 class=\"wp-block-heading\">Formation et exp\u00e9rience<\/h3>\n\n\n\n<h5 class=\"wp-block-heading\">Formation<\/h5>\n\n\n\n<p>Le r\u00f4le exige au minimum dipl\u00f4me d\u2019\u00e9tudes secondaires, cependant de nombreux TASAL-1 et TASAL-2 sont titulaires d\u2019un dipl\u00f4me d\u2019associ\u00e9\/associ\u00e9e ou de premier cycle universitaire en science animale, en biologie ou dans un domaine connexe.<\/p>\n\n\n\n<p>Ces programmes comprennent habituellement des cours en science animale, en g\u00e9n\u00e9tique, en anatomie, en physiologie, en nutrition, en biologie, en chimie, en math\u00e9matique et en communications.<\/p>\n\n\n\n<h5 class=\"wp-block-heading\">Exp\u00e9rience<\/h5>\n\n\n\n<p>Souvent, les techniciens\/techniciennes pr\u00e9pos\u00e9s\/pr\u00e9pos\u00e9es aux animaux de laboratoire ont travaill\u00e9 \u00e0 titre de TSAc\/RVT, ce qui leur a permis d\u2019acqu\u00e9rir des connaissances et une exp\u00e9rience pouvant servir dans un r\u00f4le de TASAL-1 et de TASAL-2.<\/p>\n\n\n\n<hr class=\"wp-block-separator full\"\/>\n\n\n\n<h3 class=\"wp-block-heading\">Certification<\/h3>\n\n\n\n<p><a href=\"https:\/\/calas-acsal.org\/?language=fr_FR&amp;nav=home\" data-type=\"URL\" data-id=\"https:\/\/calas-acsal.org\/?language=fr_FR&amp;nav=home\" target=\"_blank\" rel=\"noreferrer noopener\">L\u2019Association canadienne pour la science des animaux de laboratoire<\/a> (CALAS-ACSAL) offre une certification relativement \u00e0 la manipulation d\u2019animaux de laboratoire, \u00e0 leur \u00e9levage et aux techniques de recherche.<\/p>\n\n\n\n<p>La certification aupr\u00e8s de CALAS-ACSAL repr\u00e9sente un titre reconnu \u00e0 l\u2019\u00e9chelle internationale qui favorise :<\/p>\n\n\n\n<p><strong>Des soins animaliers de grande qualit\u00e9<\/strong> : Les techniciens qui poss\u00e8dent des connaissances approfondies en science des animaux de laboratoire peuvent am\u00e9liorer de fa\u00e7on tr\u00e8s importante la qualit\u00e9 des soins animaliers au Canada.<\/p>\n\n\n\n<p><strong>Avancement professionnel<\/strong> : L\u2019obtention d\u2019une certification peut mener \u00e0 des promotions et \u00e0 des t\u00e2ches et responsabilit\u00e9s plus vari\u00e9es.<\/p>\n\n\n\n<p><strong>Document attestant une formation<\/strong> : Le certificat d\u00e9livr\u00e9 par le comit\u00e9 d\u2019accr\u00e9ditations de CALAS\/ACSAL constitue un document officiel attestant qu\u2019un praticien a atteint un haut niveau d\u2019expertise, uniforme \u00e0 l\u2019\u00e9chelle nationale, en science des animaux de laboratoire. Ce document est de plus en plus exig\u00e9 par les comit\u00e9s de soins animaliers des \u00e9tablissements.<\/p>\n\n\n\n<p><strong>Formation continue<\/strong> : Beaucoup de gens profitent de la pr\u00e9paration aux examens pour faire de la formation continue. Le CALAS\/ACSAL offre de nombreuses possibilit\u00e9s de formation continue et permet de rester \u00e0 l\u2019aff\u00fbt des derniers d\u00e9veloppements.<\/p>\n\n\n\n<p><strong>Possibilit\u00e9s de r\u00e9seautage<\/strong> : En devenant membre agr\u00e9\u00e9 de CALAS\/ACSAL, vous vous joignez \u00e0 un groupe national de techniciens en recherche et en soins animaliers de partout au pays, qui partagent un int\u00e9r\u00eat commun : le soin et le bien-\u00eatre des animaux de laboratoire.<\/p>\n\n\n\n<p>Pour obtenir plus d\u2019information, visitez le site <a rel=\"noreferrer noopener\" href=\"https:\/\/calas-acsal.org\/\" data-type=\"URL\" data-id=\"https:\/\/calas-acsal.org\/\" target=\"_blank\">CALAS-ACSAL.org<\/a><\/p>\n\n\n\n<hr class=\"wp-block-separator full\"\/>\n\n\n\n<h5 class=\"wp-block-heading\">Devenir un\/une technicien\/technicienne agr\u00e9\u00e9\/agr\u00e9\u00e9e dans les soins des animaux de laboratoire, niveau 1<\/h5>\n\n\n\n<p>Si vous \u00eates d\u00e9j\u00e0 TSAc\/RVT (ou un \u00e9tudiant\/\u00e9tudiante de deuxi\u00e8me ann\u00e9e en technique v\u00e9t\u00e9rinaire ou en sant\u00e9 animale qui souhaite devenir TSAc\/RVT apr\u00e8s avoir obtenu son dipl\u00f4me), vous pouvez pr\u00e9senter une demande dans le cadre du programme d\u2019examen provisoire TASAL-1. Lorsque vous serez accept\u00e9 au sein du programme, CALAS-ACSAL vous fournira du mat\u00e9riel d\u2019apprentissage pour vous pr\u00e9parer \u00e0 l\u2019examen. Apr\u00e8s avoir r\u00e9ussi l\u2019examen \u00e0 choix multiples, vous avez trois ans pour accumuler 1 500 heures d\u2019exp\u00e9rience de travail pertinente en soins pour animaux de laboratoire. Vous pourrez ensuite soumettre une demande d\u2019inscription \u00e0 l\u2019examen pratique oral et devenir technicien\/technicienne agr\u00e9\u00e9\/agr\u00e9\u00e9e dans les soins des animaux de laboratoire, niveau 1.<\/p>\n\n\n\n<h5 class=\"wp-block-heading\">Devenir un\/une technicien\/technicienne agr\u00e9\u00e9\/agr\u00e9\u00e9e dans les soins des animaux de laboratoire, niveau 2<\/h5>\n\n\n\n<p>Cinq ans apr\u00e8s avoir obtenu le titre de TASAL-1, ou si vous vous d\u00e9tenez l\u2019agr\u00e9ment et poss\u00e9dez de l\u2019exp\u00e9rience de gestion, vous pouvez pr\u00e9senter une demande dans le cadre du programme de technicien\/technicienne agr\u00e9\u00e9\/agr\u00e9\u00e9e dans les soins des animaux de laboratoire, niveau 2. Une fois que vous serez accept\u00e9 au sein du programme, CALAS-ACSAL vous fournira du mat\u00e9riel d\u2019apprentissage pour vous pr\u00e9parer \u00e0 l\u2019examen \u00e9crit. Apr\u00e8s avoir r\u00e9ussi cet examen \u00e0 questions de d\u00e9veloppement, vous devrez r\u00e9diger un rapport de recherche sur le sujet de votre choix et vous pr\u00e9parer \u00e0 l\u2019examen oral. Devenir TASAL-2 vous aidera \u00e0 trouver des postes de supervision ou de gestion.<\/p>\n\n\n\n<hr class=\"wp-block-separator full\"\/>\n\n\n\n<h3 class=\"wp-block-heading\">R\u00e9mun\u00e9ration et heures de travail<\/h3>\n\n\n\n<h5 class=\"wp-block-heading\"><meta charset=\"utf-8\">R\u00e9mun\u00e9ration<\/h5>\n\n\n\n<p>Comme dans toutes les professions, plusieurs facteurs ont une incidence sur la r\u00e9mun\u00e9ration, notamment : la province ou le territoire o\u00f9 vous travaillez, le fait que vous ayez votre propre \u00e9tablissement ou non, votre nombre d\u2019ann\u00e9es de pratique, le type d\u2019\u00e9tablissement o\u00f9 vous travaillez et sa taille, le fait que vous travailliez dans un milieu syndiqu\u00e9, le secteur dans lequel vous travaillez (laboratoire universitaire, laboratoire pharmaceutique, etc.), le fait que vous travailliez en milieu urbain ou rural, ainsi que des facteurs externes comme l\u2019offre et la demande et la sant\u00e9 \u00e9conomique de votre pays. Le salaire horaire d\u2019un\/une TASAL-1 peut varier entre 25 $ et 50 $. Le salaire annuel d\u2019un\/une TASAL-2 peut varier entre 70 000 $ et 100 000 $.<\/p>\n\n\n\n<h5 class=\"wp-block-heading\">Heures de travail<\/h5>\n\n\n\n<p class=\"mb-3\">Comme pour de nombreuses autres professions, la semaine de travail d\u2019un\/une TASAL-1\/TASAL-2 est bas\u00e9e sur une moyenne de huit heures par jour, pour un total de 40 heures par semaine. <\/p>\n","protected":false},"excerpt":{"rendered":"<p>Technicien\/technicienne agr\u00e9\u00e9\/agr\u00e9\u00e9e dans les soins des animaux de laboratoire, niveau 1<br \/>Technicien\/technicienne agr\u00e9\u00e9\/agr\u00e9\u00e9e dans les soins des animaux de laboratoire, niveau 2<\/p>\n","protected":false},"author":2,"featured_media":1042,"parent":0,"menu_order":0,"comment_status":"closed","ping_status":"closed","template":"","meta":{"_acf_changed":false,"site-sidebar-layout":"","site-content-layout":"","ast-site-content-layout":"default","site-content-style":"default","site-sidebar-style":"default","ast-global-header-display":"","ast-banner-title-visibility":"","ast-main-header-display":"","ast-hfb-above-header-display":"","ast-hfb-below-header-display":"","ast-hfb-mobile-header-display":"","site-post-title":"disabled","ast-breadcrumbs-content":"","ast-featured-img":"disabled","footer-sml-layout":"","ast-disable-related-posts":"","theme-transparent-header-meta":"","adv-header-id-meta":"","stick-header-meta":"","header-above-stick-meta":"","header-main-stick-meta":"","header-below-stick-meta":"","astra-migrate-meta-layouts":"default","ast-page-background-enabled":"default","ast-page-background-meta":{"desktop":{"background-color":"var(--ast-global-color-4)","background-image":"","background-repeat":"repeat","background-position":"center center","background-size":"auto","background-attachment":"scroll","background-type":"","background-media":"","overlay-type":"","overlay-color":"","overlay-opacity":"","overlay-gradient":""},"tablet":{"background-color":"","background-image":"","background-repeat":"repeat","background-position":"center center","background-size":"auto","background-attachment":"scroll","background-type":"","background-media":"","overlay-type":"","overlay-color":"","overlay-opacity":"","overlay-gradient":""},"mobile":{"background-color":"","background-image":"","background-repeat":"repeat","background-position":"center center","background-size":"auto","background-attachment":"scroll","background-type":"","background-media":"","overlay-type":"","overlay-color":"","overlay-opacity":"","overlay-gradient":""}},"ast-content-background-meta":{"desktop":{"background-color":"var(--ast-global-color-5)","background-image":"","background-repeat":"repeat","background-position":"center center","background-size":"auto","background-attachment":"scroll","background-type":"","background-media":"","overlay-type":"","overlay-color":"","overlay-opacity":"","overlay-gradient":""},"tablet":{"background-color":"var(--ast-global-color-5)","background-image":"","background-repeat":"repeat","background-position":"center center","background-size":"auto","background-attachment":"scroll","background-type":"","background-media":"","overlay-type":"","overlay-color":"","overlay-opacity":"","overlay-gradient":""},"mobile":{"background-color":"var(--ast-global-color-5)","background-image":"","background-repeat":"repeat","background-position":"center center","background-size":"auto","background-attachment":"scroll","background-type":"","background-media":"","overlay-type":"","overlay-color":"","overlay-opacity":"","overlay-gradient":""}},"footnotes":""},"class_list":["post-1740","page","type-page","status-publish","has-post-thumbnail","hentry"],"acf":[],"_links":{"self":[{"href":"https:\/\/rvtcareernavigator.ca\/fr\/wp-json\/wp\/v2\/pages\/1740","targetHints":{"allow":["GET"]}}],"collection":[{"href":"https:\/\/rvtcareernavigator.ca\/fr\/wp-json\/wp\/v2\/pages"}],"about":[{"href":"https:\/\/rvtcareernavigator.ca\/fr\/wp-json\/wp\/v2\/types\/page"}],"author":[{"embeddable":true,"href":"https:\/\/rvtcareernavigator.ca\/fr\/wp-json\/wp\/v2\/users\/2"}],"replies":[{"embeddable":true,"href":"https:\/\/rvtcareernavigator.ca\/fr\/wp-json\/wp\/v2\/comments?post=1740"}],"version-history":[{"count":7,"href":"https:\/\/rvtcareernavigator.ca\/fr\/wp-json\/wp\/v2\/pages\/1740\/revisions"}],"predecessor-version":[{"id":2590,"href":"https:\/\/rvtcareernavigator.ca\/fr\/wp-json\/wp\/v2\/pages\/1740\/revisions\/2590"}],"wp:featuredmedia":[{"embeddable":true,"href":"https:\/\/rvtcareernavigator.ca\/fr\/wp-json\/wp\/v2\/media\/1042"}],"wp:attachment":[{"href":"https:\/\/rvtcareernavigator.ca\/fr\/wp-json\/wp\/v2\/media?parent=1740"}],"curies":[{"name":"wp","href":"https:\/\/api.w.org\/{rel}","templated":true}]}}