{"id":1723,"date":"2021-12-08T21:07:22","date_gmt":"2021-12-08T21:07:22","guid":{"rendered":"https:\/\/rvtcareernavigator.ca\/cvpm\/"},"modified":"2021-12-17T21:19:40","modified_gmt":"2021-12-17T21:19:40","slug":"gestionnaire-detablissement-veterinaire-certifie","status":"publish","type":"page","link":"https:\/\/rvtcareernavigator.ca\/fr\/gestionnaire-detablissement-veterinaire-certifie\/","title":{"rendered":"CVPM"},"content":{"rendered":"\n<div class=\"wp-block-group alignfull pale-gray-bg title-with-bg-image is-layout-flow wp-block-group-is-layout-flow\"><div class=\"wp-block-group__inner-container\">\n<div class=\"wp-block-columns title-columns is-layout-flex wp-container-core-columns-is-layout-28f84493 wp-block-columns-is-layout-flex\">\n<div class=\"wp-block-column is-layout-flow wp-block-column-is-layout-flow\" style=\"flex-basis:45%\">\n<h1 class=\"wp-block-heading\">CVPM<\/h1>\n\n\n\n<hr class=\"wp-block-separator md\"\/>\n\n\n\n<h4 class=\"wp-block-heading\">Gestionnaire d\u2019\u00e9tablissement v\u00e9t\u00e9rinaire <ins>certifi\u00e9s<\/ins><\/h4>\n<\/div>\n\n\n\n<div class=\"wp-block-column d-none is-layout-flow wp-block-column-is-layout-flow\" style=\"flex-basis:55%\"><\/div>\n<\/div>\n\n\n\n<figure class=\"wp-block-image alignfull size-full mobile-banner-img\"><img loading=\"lazy\" decoding=\"async\" width=\"768\" height=\"282\" src=\"https:\/\/rvtcareernavigator.ca\/wp-content\/uploads\/2021\/11\/CVMP_Banner_Mobile.jpg\" alt=\"\" class=\"wp-image-1138\" srcset=\"https:\/\/rvtcareernavigator.ca\/wp-content\/uploads\/2021\/11\/CVMP_Banner_Mobile.jpg 768w, https:\/\/rvtcareernavigator.ca\/wp-content\/uploads\/2021\/11\/CVMP_Banner_Mobile-300x110.jpg 300w\" sizes=\"auto, (max-width: 768px) 100vw, 768px\" \/><\/figure>\n<\/div><\/div>\n\n\n\n<h3 class=\"wp-block-heading\">Qui sont les gestionnaires d\u2019\u00e9tablissement v\u00e9t\u00e9rinaire <ins>certifi\u00e9s<\/ins>?<\/h3>\n\n\n\n<p>Tout comme les gestionnaires<ins>\u00a0de <\/ins>d\u2019autres professions, les gestionnaires d\u2019\u00e9tablissement v\u00e9t\u00e9rinaire <ins>certifi\u00e9s <\/ins>(CVPM) occupent des postes de gestion<ins>,<\/ins> de direction et sont responsables de cr\u00e9er une culture d\u2019entreprise positive, inclusive, accueillante et ax\u00e9e sur le professionnalisme. Ils supervisent \u00e9galement les activit\u00e9s d\u2019un \u00e9tablissement ou d\u2019un h\u00f4pital v\u00e9t\u00e9rinaires. Passionn\u00e9s par les gens et les animaux, ils comprennent la <ins>discipline <\/ins>que constitue la m\u00e9decine v\u00e9t\u00e9rinaire et veillent \u00e0 ce que l\u2019ensemble de l\u2019\u00e9tablissement fonctionne de fa\u00e7on optimale dans l\u2019int\u00e9r\u00eat du personnel, des animaux et des propri\u00e9taires d\u2019animaux.<\/p>\n\n\n\n<p>Pour obtenir plus d\u2019informations, veuillez visiter le site web de la <a rel=\"noreferrer noopener\" href=\"https:\/\/www.vhma.org\/home\" data-type=\"URL\" data-id=\"https:\/\/www.vhma.org\/home\" target=\"_blank\">Veterinary Hospital Managers Association<\/a>.<\/p>\n\n\n\n<hr class=\"wp-block-separator full\"\/>\n\n\n\n<h3 class=\"wp-block-heading\">Planification de carri\u00e8re<\/h3>\n\n\n\n<p>Les gestionnaires d\u2019\u00e9tablissement v\u00e9t\u00e9rinaire viennent de tous les horizons, mais ils partagent la m\u00eame passion et le m\u00eame d\u00e9vouement envers les animaux et les personnes. Ils passent l\u2019essentiel de leur temps \u00e0 motiver, diriger et g\u00e9rer le personnel pour assurer le d\u00e9veloppement des membres de leur \u00e9quipe et \u00e0 g\u00e9rer des responsabilit\u00e9s multiples et vari\u00e9es. Bien que leurs comp\u00e9tences et leurs connaissances du monde des affaires puissent servir dans d\u2019autres secteurs, c\u2019est leur int\u00e9r\u00eat pour les animaux qui les a men\u00e9s vers le r\u00f4le de CVPM.<\/p>\n\n\n\n<p>Voici des postes qui sont g\u00e9n\u00e9ralement offerts dans le domaine de la gestion d\u2019\u00e9tablissement v\u00e9t\u00e9rinaire :<\/p>\n\n\n\n<ul class=\"wp-block-list\"><li>Gestionnaire d\u2019h\u00f4pital<\/li><li>Administrateur\/administratrice d\u2019h\u00f4pital<\/li><li>Gestionnaire d\u2019\u00e9tablissement<\/li><li>Chef de bureau<\/li><li>Gestionnaire des ressources humaines<\/li><li>Directeur\/directrice des finances<\/li><li>Chef des finances<\/li><li>Gestionnaire des soins aux patients<\/li><li>Gestionnaire des installations<\/li><li>Gestionnaire des relations clients<\/li><li>Directeur\/directrice du marketing<\/li><li>Gestionnaire de l\u2019inventaire<\/li><li>Directeur\/directrice r\u00e9gional(e) ou de district<\/li><li>Chef de l\u2019exploitation<\/li><\/ul>\n\n\n\n<hr class=\"wp-block-separator full\"\/>\n\n\n\n<h3 class=\"wp-block-heading\">Formation et exp\u00e9rience<\/h3>\n\n\n\n<h5 class=\"wp-block-heading\">Formation<\/h5>\n\n\n\n<p>Pour devenir gestionnaire d\u2019\u00e9tablissement v\u00e9t\u00e9rinaire certifi\u00e9(e), vous devez perfectionner vos aptitudes dans plusieurs domaines cl\u00e9s : communication, gestion d\u2019\u00e9tablissement, direction, finance et ressources humaines. La Veterinary Hospital Managers Association poss\u00e8de&nbsp;<a href=\"https:\/\/higherlogicdownload.s3.amazonaws.com\/VHMA\/0108a63c-2a65-4f8e-add4-bfd4cfbddb47\/UploadedImages\/Documents\/VHMAeducationMap2019.pdf\" target=\"_blank\" rel=\"noreferrer noopener\">un plan<\/a>&nbsp;d\u00e9crivant les diff\u00e9rentes options de formations.<\/p>\n\n\n\n<h5 class=\"wp-block-heading\">Exp\u00e9rience<\/h5>\n\n\n\n<p>Pour obtenir votre certification, vous devez avoir acquis au moins trois ann\u00e9es d\u2019exp\u00e9rience en tant que gestionnaire d\u2019\u00e9tablissement dans les sept derni\u00e8res ann\u00e9es.<\/p>\n\n\n\n<hr class=\"wp-block-separator full\"\/>\n\n\n\n<h3 class=\"wp-block-heading\">Certification<\/h3>\n\n\n\n<p>La certification est offerte par l\u2019entremise de la <a href=\"https:\/\/www.vhma.org\/home\" data-type=\"URL\" data-id=\"https:\/\/www.vhma.org\/home\" target=\"_blank\" rel=\"noreferrer noopener\">Veterinary Hospital Managers Association<\/a> et elle est accr\u00e9dit\u00e9e par l\u2019Institute for Credentialing Excellence.<\/p>\n\n\n\n<hr class=\"wp-block-separator full\"\/>\n\n\n\n<h3 class=\"wp-block-heading\">Comp\u00e9tences<\/h3>\n\n\n\n<p>Occuper un r\u00f4le de direction en tant que CVPM exige des comp\u00e9tences en gestion semblables \u00e0 celles que l\u2019on retrouve dans d\u2019autres professions. Un CVPM professionnel doit poss\u00e9der des comp\u00e9tences dans les domaines suivants :<\/p>\n\n\n\n<ul class=\"wp-block-list\"><li>Ressources humaines<\/li><li>Relations avec la client\u00e8le<\/li><li>Communication et r\u00e9seautage<\/li><li>Leadership<\/li><li>Analyse<\/li><li>Technique<\/li><li>Finances<\/li><\/ul>\n\n\n\n<hr class=\"wp-block-separator full\"\/>\n\n\n\n<h3 class=\"wp-block-heading\">R\u00e9mun\u00e9ration et heures de travail<\/h3>\n\n\n\n<h5 class=\"wp-block-heading\"><meta charset=\"utf-8\">R\u00e9mun\u00e9ration<\/h5>\n\n\n\n<p>Comme dans toutes les professions, il existe de nombreux facteurs qui influencent la r\u00e9mun\u00e9ration, notamment votre niveau de scolarit\u00e9, votre exp\u00e9rience, le fait que vous ayez votre propre entreprise ou que vous travailliez dans un \u00e9tablissement v\u00e9t\u00e9rinaire, la province ou le territoire dans lequel vous travaillez, le nombre d\u2019ann\u00e9es de travail au sein de votre entreprise, la taille de l\u2019\u00e9tablissement o\u00f9 vous travaillez et le fait que vous travailliez dans un environnement urbain ou rural. Il y a aussi des facteurs externes comme l\u2019offre et la demande ainsi que la conjoncture \u00e9conomique globale du pays. Le salaire horaire moyen se situe entre 28 $ et 40 $ et la r\u00e9mun\u00e9ration pourrait comprendre le partage des profits, les primes ainsi que les possibilit\u00e9s de partenariat et de participation aux d\u00e9cisions d\u2019affaires.<\/p>\n\n\n\n<h5 class=\"wp-block-heading\">Heures de travail<\/h5>\n\n\n\n<p>Comme pour de nombreuses autres professions, la semaine de travail d\u2019un CVPM est bas\u00e9e sur une moyenne de huit heures par jour, pour un total de 40 heures par semaine.<\/p>\n\n\n\n<hr class=\"wp-block-separator full\"\/>\n\n\n\n<h3 class=\"wp-block-heading\">Mode de vie et bien-\u00eatre<\/h3>\n\n\n\n<p>Pour de nombreux professionnels, \u00eatre CVPM est une vocation. Cette passion peut avoir \u00e0 la fois des r\u00e9percussions positives et n\u00e9gatives sur le mode de vie \u2013 elle peut \u00eatre une source de motivation, de satisfaction et de mobilisation, tout comme elle peut devenir trop intense et \u00e9puisante sur le plan \u00e9motionnel; pour beaucoup, il est parfois difficile de d\u00e9crocher \u00e0 la fin de la journ\u00e9e.<\/p>\n\n\n\n<p>Voici quelques aspects de la profession que devraient conna\u00eetre les aspirants\/aspirantes CVPM :<\/p>\n\n\n\n<div class=\"wp-block-columns is-layout-flex wp-container-core-columns-is-layout-28f84493 wp-block-columns-is-layout-flex\">\n<div class=\"wp-block-column is-layout-flow wp-block-column-is-layout-flow\">\n<ul class=\"wp-block-list\"><li>\u00catre CVPM peut \u00eatre exigeant sur le plan \u00e9motif, car on est entour\u00e9 d\u2019animaux malades, de propri\u00e9taires d\u2019animaux contrari\u00e9s et endeuill\u00e9s et de membres de l\u2019\u00e9quipe \u00e9puis\u00e9s \u00e9motionnellement. \u00catre passionn\u00e9, souhaiter exercer une influence positive sur le bien-\u00eatre d\u2019un animal et vouloir ce qu\u2019il y a de mieux pour l\u2019\u00e9quipe peuvent \u00eatre \u00e9puisants. Pour faciliter les choses, les associations de TSAc\/RVT provinciales, l\u2019organisme Technologues et techniciens v\u00e9t\u00e9rinaires agr\u00e9\u00e9s du Canada et l\u2019Association canadienne des m\u00e9decins v\u00e9t\u00e9rinaires accordent beaucoup d\u2019importance \u00e0 la cr\u00e9ation de milieux de travail sains, en plus d\u2019offrir de nombreuses ressources en sant\u00e9 mentale. Il est important de souligner que ce ne sont pas tous les CVPM qui font face \u00e0 ces d\u00e9fis.<\/li><li>Ils peuvent souffrir d\u2019\u00e9puisement professionnel ou d\u2019usure de compassion.<\/li><\/ul>\n<\/div>\n\n\n\n<div class=\"wp-block-column ml-0 ml-md-4 is-layout-flow wp-block-column-is-layout-flow\">\n<figure class=\"wp-block-image size-large\"><img loading=\"lazy\" decoding=\"async\" width=\"1024\" height=\"683\" src=\"https:\/\/rvtcareernavigator.ca\/wp-content\/uploads\/2021\/11\/CVPM-lifestyle-wellness-1-1024x683.jpeg\" alt=\"\" class=\"wp-image-900\" srcset=\"https:\/\/rvtcareernavigator.ca\/wp-content\/uploads\/2021\/11\/CVPM-lifestyle-wellness-1-1024x683.jpeg 1024w, https:\/\/rvtcareernavigator.ca\/wp-content\/uploads\/2021\/11\/CVPM-lifestyle-wellness-1-300x200.jpeg 300w, https:\/\/rvtcareernavigator.ca\/wp-content\/uploads\/2021\/11\/CVPM-lifestyle-wellness-1-768x512.jpeg 768w, https:\/\/rvtcareernavigator.ca\/wp-content\/uploads\/2021\/11\/CVPM-lifestyle-wellness-1-1536x1024.jpeg 1536w, https:\/\/rvtcareernavigator.ca\/wp-content\/uploads\/2021\/11\/CVPM-lifestyle-wellness-1-2048x1365.jpeg 2048w\" sizes=\"auto, (max-width: 1024px) 100vw, 1024px\" \/><\/figure>\n<\/div>\n<\/div>\n\n\n\n<div class=\"wp-block-group alignfull pale-gray-bg mb-0 is-layout-flow wp-block-group-is-layout-flow\"><div class=\"wp-block-group__inner-container\">\n<div class=\"wp-block-columns is-layout-flex wp-container-core-columns-is-layout-28f84493 wp-block-columns-is-layout-flex\">\n<div class=\"wp-block-column is-layout-flow wp-block-column-is-layout-flow\">\n<div class=\"wp-block-columns is-layout-flex wp-container-core-columns-is-layout-28f84493 wp-block-columns-is-layout-flex\">\n<div class=\"wp-block-column is-vertically-aligned-top is-layout-flow wp-block-column-is-layout-flow\">\n<div class=\"wp-block-image\"><figure class=\"aligncenter size-full\"><img loading=\"lazy\" decoding=\"async\" width=\"400\" height=\"145\" src=\"https:\/\/rvtcareernavigator.ca\/wp-content\/uploads\/2021\/10\/rvttc-logo-red-1.png\" alt=\"\" class=\"wp-image-243\" srcset=\"https:\/\/rvtcareernavigator.ca\/wp-content\/uploads\/2021\/10\/rvttc-logo-red-1.png 400w, https:\/\/rvtcareernavigator.ca\/wp-content\/uploads\/2021\/10\/rvttc-logo-red-1-300x109.png 300w\" sizes=\"auto, (max-width: 400px) 100vw, 400px\" \/><\/figure><\/div>\n\n\n\n<p class=\"has-text-align-left h3 mx-lg-5 px-lg-5 has-text-color\" style=\"color:#4f1417;font-size:39px\">Portail de formation<br>continue du site TTVAC<\/p>\n<\/div>\n\n\n\n<div class=\"wp-block-column ml-0 ml-md-4 is-layout-flow wp-block-column-is-layout-flow\">\n<p>Ce portail de formation en ligne propose des centaines de cours en ligne sur diff\u00e9rents sujets li\u00e9s aux soins v\u00e9t\u00e9rinaires. Inscrivez-vous et cr\u00e9ez votre profil pour acc\u00e9der aux cours les plus pertinents pour vous. Vous pourrez suivre et enregistrer des \u00e9v\u00e9nements en ligne et en personne. Revenez souvent pour voir les nouveaux cours offerts.<\/p>\n\n\n\n<div class=\"wp-block-buttons mt-3 is-layout-flex wp-block-buttons-is-layout-flex\">\n<div class=\"wp-block-button\"><a class=\"wp-block-button__link\" href=\"https:\/\/rvttcanada.ca\/veterinary-ce-opportunities\/\" target=\"_blank\" rel=\"noreferrer noopener\">Voir la formation continue<\/a><\/div>\n<\/div>\n<\/div>\n<\/div>\n<\/div>\n<\/div>\n<\/div><\/div>\n\n\n\n<div class=\"wp-block-group alignfull my-0 py-0 beige-and-primary-red-bg is-layout-flow wp-block-group-is-layout-flow\"><div class=\"wp-block-group__inner-container\">\n<div class=\"wp-block-columns mt-2 mb-3 is-layout-flex wp-container-core-columns-is-layout-28f84493 wp-block-columns-is-layout-flex\">\n<div class=\"wp-block-column my-5 pr-md-4 is-layout-flow wp-block-column-is-layout-flow\" style=\"flex-basis:50%\">\n<h3 class=\"wp-block-heading\">Communiquer avec un\/une CVPM<\/h3>\n\n\n\n<p>Nous sommes ici pour aider! Si vous avez des questions au sujet de la profession de CVPM, <a href=\"https:\/\/rvtcareernavigator.ca\/fr\/nous-joindre\/?queryType=contact-a-cvpm\" data-type=\"page\" target=\"_blank\" rel=\"noreferrer noopener\">communiquez avec nous<\/a>!<\/p>\n<\/div>\n\n\n\n<div class=\"wp-block-column my-5 ml-0 pl-md-4 is-layout-flow wp-block-column-is-layout-flow\" style=\"flex-basis:50%\">\n<h3 class=\"text-white wp-block-heading\">Communiquer avec un\/une mentor<\/h3>\n\n\n\n<p class=\"text-white\">Les mentors que vous trouverez <a href=\"https:\/\/rvtcareernavigator.ca\/fr\/__trashed-2\/\" data-type=\"page\" data-id=\"1300\" target=\"_blank\" rel=\"noreferrer noopener\">ici<\/a> consacrent du temps et partagent leur expertise de fa\u00e7on volontaire afin de promouvoir la profession de TSAc\/RVT et d\u2019appuyer les personnes qui souhaitent en apprendre davantage sur les possibilit\u00e9s offertes.<\/p>\n<\/div>\n<\/div>\n<\/div><\/div>\n","protected":false},"excerpt":{"rendered":"<p>Gestionnaire d&#8217;\u00e9tablissement v\u00e9t\u00e9rinaire certifi\u00e9<\/p>\n","protected":false},"author":2,"featured_media":1036,"parent":0,"menu_order":0,"comment_status":"closed","ping_status":"closed","template":"","meta":{"_acf_changed":false,"site-sidebar-layout":"","site-content-layout":"","ast-site-content-layout":"default","site-content-style":"default","site-sidebar-style":"default","ast-global-header-display":"","ast-banner-title-visibility":"","ast-main-header-display":"","ast-hfb-above-header-display":"","ast-hfb-below-header-display":"","ast-hfb-mobile-header-display":"","site-post-title":"disabled","ast-breadcrumbs-content":"","ast-featured-img":"disabled","footer-sml-layout":"","ast-disable-related-posts":"","theme-transparent-header-meta":"","adv-header-id-meta":"","stick-header-meta":"","header-above-stick-meta":"","header-main-stick-meta":"","header-below-stick-meta":"","astra-migrate-meta-layouts":"default","ast-page-background-enabled":"default","ast-page-background-meta":{"desktop":{"background-color":"var(--ast-global-color-4)","background-image":"","background-repeat":"repeat","background-position":"center center","background-size":"auto","background-attachment":"scroll","background-type":"","background-media":"","overlay-type":"","overlay-color":"","overlay-opacity":"","overlay-gradient":""},"tablet":{"background-color":"","background-image":"","background-repeat":"repeat","background-position":"center center","background-size":"auto","background-attachment":"scroll","background-type":"","background-media":"","overlay-type":"","overlay-color":"","overlay-opacity":"","overlay-gradient":""},"mobile":{"background-color":"","background-image":"","background-repeat":"repeat","background-position":"center center","background-size":"auto","background-attachment":"scroll","background-type":"","background-media":"","overlay-type":"","overlay-color":"","overlay-opacity":"","overlay-gradient":""}},"ast-content-background-meta":{"desktop":{"background-color":"var(--ast-global-color-5)","background-image":"","background-repeat":"repeat","background-position":"center center","background-size":"auto","background-attachment":"scroll","background-type":"","background-media":"","overlay-type":"","overlay-color":"","overlay-opacity":"","overlay-gradient":""},"tablet":{"background-color":"var(--ast-global-color-5)","background-image":"","background-repeat":"repeat","background-position":"center center","background-size":"auto","background-attachment":"scroll","background-type":"","background-media":"","overlay-type":"","overlay-color":"","overlay-opacity":"","overlay-gradient":""},"mobile":{"background-color":"var(--ast-global-color-5)","background-image":"","background-repeat":"repeat","background-position":"center center","background-size":"auto","background-attachment":"scroll","background-type":"","background-media":"","overlay-type":"","overlay-color":"","overlay-opacity":"","overlay-gradient":""}},"footnotes":""},"class_list":["post-1723","page","type-page","status-publish","has-post-thumbnail","hentry"],"acf":[],"_links":{"self":[{"href":"https:\/\/rvtcareernavigator.ca\/fr\/wp-json\/wp\/v2\/pages\/1723","targetHints":{"allow":["GET"]}}],"collection":[{"href":"https:\/\/rvtcareernavigator.ca\/fr\/wp-json\/wp\/v2\/pages"}],"about":[{"href":"https:\/\/rvtcareernavigator.ca\/fr\/wp-json\/wp\/v2\/types\/page"}],"author":[{"embeddable":true,"href":"https:\/\/rvtcareernavigator.ca\/fr\/wp-json\/wp\/v2\/users\/2"}],"replies":[{"embeddable":true,"href":"https:\/\/rvtcareernavigator.ca\/fr\/wp-json\/wp\/v2\/comments?post=1723"}],"version-history":[{"count":19,"href":"https:\/\/rvtcareernavigator.ca\/fr\/wp-json\/wp\/v2\/pages\/1723\/revisions"}],"predecessor-version":[{"id":2742,"href":"https:\/\/rvtcareernavigator.ca\/fr\/wp-json\/wp\/v2\/pages\/1723\/revisions\/2742"}],"wp:featuredmedia":[{"embeddable":true,"href":"https:\/\/rvtcareernavigator.ca\/fr\/wp-json\/wp\/v2\/media\/1036"}],"wp:attachment":[{"href":"https:\/\/rvtcareernavigator.ca\/fr\/wp-json\/wp\/v2\/media?parent=1723"}],"curies":[{"name":"wp","href":"https:\/\/api.w.org\/{rel}","templated":true}]}}