{"id":1700,"date":"2021-12-08T18:16:22","date_gmt":"2021-12-08T18:16:22","guid":{"rendered":"https:\/\/rvtcareernavigator.ca\/tsac-rvt\/"},"modified":"2021-12-17T06:35:35","modified_gmt":"2021-12-17T06:35:35","slug":"tsac-rvt","status":"publish","type":"page","link":"https:\/\/rvtcareernavigator.ca\/fr\/tsac-rvt\/","title":{"rendered":"TSAc\/RVT"},"content":{"rendered":"\n<div class=\"wp-block-group alignfull pale-gray-bg title-with-bg-image is-layout-flow wp-block-group-is-layout-flow\"><div class=\"wp-block-group__inner-container\">\n<div class=\"wp-block-columns title-columns is-layout-flex wp-container-core-columns-is-layout-28f84493 wp-block-columns-is-layout-flex\">\n<div class=\"wp-block-column is-layout-flow wp-block-column-is-layout-flow\" style=\"flex-basis:45%\">\n<h1 class=\"wp-block-heading\">TSAc\/RVT<\/h1>\n\n\n\n<hr class=\"wp-block-separator md\"\/>\n\n\n\n<h4 class=\"wp-block-heading\">Technologue ou technicien\/technicienne<br\/>en sant\u00e9 animale certifi\u00e9\/certifi\u00e9e<\/h4>\n<\/div>\n\n\n\n<div class=\"wp-block-column d-none is-layout-flow wp-block-column-is-layout-flow\" style=\"flex-basis:55%\"><\/div>\n<\/div>\n\n\n\n<figure class=\"wp-block-image alignfull size-full mobile-banner-img\"><img loading=\"lazy\" decoding=\"async\" width=\"768\" height=\"282\" src=\"https:\/\/rvtcareernavigator.ca\/wp-content\/uploads\/2021\/11\/RVT_Banner_Mobile.jpg\" alt=\"\" class=\"wp-image-1150\" srcset=\"https:\/\/rvtcareernavigator.ca\/wp-content\/uploads\/2021\/11\/RVT_Banner_Mobile.jpg 768w, https:\/\/rvtcareernavigator.ca\/wp-content\/uploads\/2021\/11\/RVT_Banner_Mobile-300x110.jpg 300w\" sizes=\"auto, (max-width: 768px) 100vw, 768px\" \/><\/figure>\n<\/div><\/div>\n\n<h3 class=\"wp-block-heading\">Qui sont les technologues ou techniciens\/techniciennes en sant\u00e9 animale certifi\u00e9s\/certifi\u00e9es?<\/h3>\n\n<p>Les technologues ou techniciens\/techniciennes <meta charset=\"utf-8\"\/> en sant\u00e9 animale certifi\u00e9s\/certifi\u00e9es (TSAc\/RVT) sont des professionnels qui ont re\u00e7u un enseignement formel et une formation et qui font partie int\u00e9grante de l\u2019\u00e9quipe de soins v\u00e9t\u00e9rinaires. Les TSAc\/RVT participent \u00e0 la prestation de services essentiels en m\u00e9decine v\u00e9t\u00e9rinaire gr\u00e2ce \u00e0 leurs connaissances de la sant\u00e9 animale et \u00e0 leur compr\u00e9hension des maladies zoonotiques. De plus, ils utilisent de l\u2019\u00e9quipement de protection individuel, ma\u00eetrisent les techniques de d\u00e9sinfection et luttent contre les maladies. Ils veillent \u00e0 la s\u00e9curit\u00e9 de la cha\u00eene alimentaire pour les Canadiens et \u00e0 la protection du lien entre l\u2019humain et l\u2019animal en gardant les animaux en sant\u00e9.<\/p>\n\n<p>Pour plus d\u2019information, rendez-vous \u00e0 la section \u00ab <a href=\"https:\/\/rvtcareernavigator.ca\/fr\/qui-sont-les-tsac-rvt\/\" data-type=\"URL\" data-id=\"https:\/\/rvtcareernavigator.ca\/who-are-rvts\/\" target=\"_blank\" rel=\"noreferrer noopener\">Qui sont les TSAc\/RVT?<\/a> \u00bb<\/p>\n\n<hr class=\"wp-block-separator full\"\/>\n\n<h3 class=\"wp-block-heading\">Planification de carri\u00e8re<\/h3>\n\n<p class=\"mb-1\">\u00catre un TSAc\/RVT m\u00e8ne \u00e0 une carri\u00e8re enrichissante aux possibilit\u00e9s illimit\u00e9es*.<\/p>\n\n<p class=\"small\">(* Les seules limites sont celles de l\u2019information, et c\u2019est la raison pour laquelle ce site web existe, et celles de l\u2019imagination, qui ne d\u00e9pendent que de vous!)<\/p>\n\n<p>La planification de carri\u00e8re repose sur la recherche, les d\u00e9couvertes, la pr\u00e9paration et la capacit\u00e9 d\u2019imaginer les options et les possibilit\u00e9s. Ensuite, il faut trouver la bonne combinaison. Il s\u2019agit d\u2019un \u00e9l\u00e9ment important \u00e0 garder en t\u00eate tout au long de votre carri\u00e8re. Ce ne sont pas tous les \u00e9tablissements, laboratoires de recherche, coll\u00e8ges ou organismes de r\u00e9adaptation des animaux, pour ne citer que quelques exemples, qui sont g\u00e9r\u00e9s de la m\u00eame fa\u00e7on, qui ont la m\u00eame culture et qui offrent les m\u00eames possibilit\u00e9s. Explorez les diverses occasions, gardez le cap et trouvez ce qui vous convient et ce qui correspond \u00e0 vos aspirations.<\/p>\n\n<h5 class=\"wp-block-heading\">Possibilit\u00e9s de carri\u00e8re<\/h5>\n\n<p>Alors que les nouveaux TSAc\/RVT sont nombreux \u00e0 trouver du travail dans des \u00e9tablissements v\u00e9t\u00e9rinaires et des laboratoires de recherche, il existe beaucoup d\u2019autres domaines vers lesquels ils peuvent orienter leur carri\u00e8re :<\/p>\n\n<ul class=\"wp-block-list\"><li>Compagnies pharmaceutiques et de fournitures m\u00e9dicales<\/li><li>Entreprises d\u2019alimentation animale<\/li><li>Refuges pour animaux<\/li><li>Zoos et parcs fauniques<\/li><li>Stations de recherche sur la faune<\/li><li>Services de soins aux animaux dans des universit\u00e9s<\/li><li>Laboratoires et installations de recherche<\/li><li>\u00c9tablissements d\u2019enseignement<\/li><li>Laboratoires v\u00e9t\u00e9rinaires gouvernementaux<\/li><li>Centres de r\u00e9tablissement de la faune<\/li><li>Parcs d\u2019engraissement, fermes d\u2019\u00e9levage, fermes laiti\u00e8res, etc.<\/li><li>Installations de formation \u00e9questre<\/li><li>Travail autonome et entrepreneuriat<\/li><\/ul>\n\n<hr class=\"wp-block-separator full mb-1\"\/>\n\n<div class=\"wp-block-columns alignfull flex-nowrap mt-0 image-bar is-layout-flex wp-container-core-columns-is-layout-28f84493 wp-block-columns-is-layout-flex\">\n<div class=\"wp-block-column mt-0 is-layout-flow wp-block-column-is-layout-flow\">\n<figure class=\"wp-block-image size-full\"><img loading=\"lazy\" decoding=\"async\" width=\"1024\" height=\"683\" src=\"https:\/\/rvtcareernavigator.ca\/wp-content\/uploads\/2021\/11\/RVT-image-1-rvt-wth-bird.jpg\" alt=\"\" class=\"wp-image-675\" srcset=\"https:\/\/rvtcareernavigator.ca\/wp-content\/uploads\/2021\/11\/RVT-image-1-rvt-wth-bird.jpg 1024w, https:\/\/rvtcareernavigator.ca\/wp-content\/uploads\/2021\/11\/RVT-image-1-rvt-wth-bird-300x200.jpg 300w, https:\/\/rvtcareernavigator.ca\/wp-content\/uploads\/2021\/11\/RVT-image-1-rvt-wth-bird-768x512.jpg 768w\" sizes=\"auto, (max-width: 1024px) 100vw, 1024px\" \/><\/figure>\n<\/div>\n\n\n\n<div class=\"wp-block-column mt-0 ml-1 is-layout-flow wp-block-column-is-layout-flow\">\n<figure class=\"wp-block-image size-large\"><img loading=\"lazy\" decoding=\"async\" width=\"2048\" height=\"1367\" src=\"https:\/\/rvtcareernavigator.ca\/wp-content\/uploads\/2021\/11\/RVT-image-2-Dog-dental-cleaning.jpg\" alt=\"\" class=\"wp-image-567\" srcset=\"https:\/\/rvtcareernavigator.ca\/wp-content\/uploads\/2021\/11\/RVT-image-2-Dog-dental-cleaning.jpg 2048w, https:\/\/rvtcareernavigator.ca\/wp-content\/uploads\/2021\/11\/RVT-image-2-Dog-dental-cleaning-300x200.jpg 300w, https:\/\/rvtcareernavigator.ca\/wp-content\/uploads\/2021\/11\/RVT-image-2-Dog-dental-cleaning-1024x684.jpg 1024w, https:\/\/rvtcareernavigator.ca\/wp-content\/uploads\/2021\/11\/RVT-image-2-Dog-dental-cleaning-768x513.jpg 768w, https:\/\/rvtcareernavigator.ca\/wp-content\/uploads\/2021\/11\/RVT-image-2-Dog-dental-cleaning-1536x1025.jpg 1536w\" sizes=\"auto, (max-width: 2048px) 100vw, 2048px\" \/><\/figure>\n<\/div>\n\n\n\n<div class=\"wp-block-column mt-0 ml-1 is-layout-flow wp-block-column-is-layout-flow\">\n<figure class=\"wp-block-image size-large\"><img loading=\"lazy\" decoding=\"async\" width=\"2048\" height=\"1365\" src=\"https:\/\/rvtcareernavigator.ca\/wp-content\/uploads\/2021\/11\/RVT-image-3-Woman-with-Dog-in-shelter.jpg\" alt=\"\" class=\"wp-image-569\" srcset=\"https:\/\/rvtcareernavigator.ca\/wp-content\/uploads\/2021\/11\/RVT-image-3-Woman-with-Dog-in-shelter.jpg 2048w, https:\/\/rvtcareernavigator.ca\/wp-content\/uploads\/2021\/11\/RVT-image-3-Woman-with-Dog-in-shelter-300x200.jpg 300w, https:\/\/rvtcareernavigator.ca\/wp-content\/uploads\/2021\/11\/RVT-image-3-Woman-with-Dog-in-shelter-1024x683.jpg 1024w, https:\/\/rvtcareernavigator.ca\/wp-content\/uploads\/2021\/11\/RVT-image-3-Woman-with-Dog-in-shelter-768x512.jpg 768w, https:\/\/rvtcareernavigator.ca\/wp-content\/uploads\/2021\/11\/RVT-image-3-Woman-with-Dog-in-shelter-1536x1024.jpg 1536w\" sizes=\"auto, (max-width: 2048px) 100vw, 2048px\" \/><\/figure>\n<\/div>\n\n\n\n<div class=\"wp-block-column mt-0 ml-1 is-layout-flow wp-block-column-is-layout-flow\">\n<figure class=\"wp-block-image size-full\"><img loading=\"lazy\" decoding=\"async\" width=\"1024\" height=\"683\" src=\"https:\/\/rvtcareernavigator.ca\/wp-content\/uploads\/2021\/11\/RVT-image-4-Cow.jpg\" alt=\"\" class=\"wp-image-574\" srcset=\"https:\/\/rvtcareernavigator.ca\/wp-content\/uploads\/2021\/11\/RVT-image-4-Cow.jpg 1024w, https:\/\/rvtcareernavigator.ca\/wp-content\/uploads\/2021\/11\/RVT-image-4-Cow-300x200.jpg 300w, https:\/\/rvtcareernavigator.ca\/wp-content\/uploads\/2021\/11\/RVT-image-4-Cow-768x512.jpg 768w\" sizes=\"auto, (max-width: 1024px) 100vw, 1024px\" \/><\/figure>\n<\/div>\n<\/div>\n\n<h3 class=\"wp-block-heading\">Formation continue<\/h3>\n\n<p>La formation continue est essentielle pour garder vos connaissances \u00e0 jour, car la m\u00e9decine v\u00e9t\u00e9rinaire est un secteur en constante \u00e9volution. C\u2019est aussi une composante cl\u00e9 pour maintenir votre titre (pour en savoir plus, consultez la section \u00ab <a href=\"https:\/\/rvtcareernavigator.ca\/fr\/devenir-tsac-rvt\/\" data-type=\"URL\" data-id=\"https:\/\/rvtcareernavigator.ca\/becoming-an-rvt\/\" target=\"_blank\" rel=\"noreferrer noopener\">Devenir TSAc\/RVT<\/a> \u00bb).<\/p>\n\n<p>Il existe diff\u00e9rentes fa\u00e7ons de continuer votre apprentissage et de mettre \u00e0 jour vos connaissances : suivre un cours offert par un \u00e9tablissement reconnu (certains cours sont offerts en ligne, mais d\u2019autres doivent \u00eatre suivis en personne), participer \u00e0 une conf\u00e9rence de l\u2019industrie, assister \u00e0 des webinaires, etc.<\/p>\n\n<p>La formation continue est aussi une exigence pour garder votre titre de technologue ou technicien\/technicienne en sant\u00e9 animale certifi\u00e9\/certifi\u00e9e. Renseignez-vous aupr\u00e8s de votre association provinciale pour conna\u00eetre la r\u00e9glementation.<\/p>\n\n<p>Les cours offerts changent r\u00e9guli\u00e8rement, alors consultez r\u00e9guli\u00e8rement le portail de formation continue du site des Technologues et techniciens v\u00e9t\u00e9rinaires agr\u00e9\u00e9s du Canada.<\/p>\n\n<div class=\"wp-block-group alignfull pale-gray-bg mb-0 is-layout-flow wp-block-group-is-layout-flow\"><div class=\"wp-block-group__inner-container\">\n<div class=\"wp-block-columns is-layout-flex wp-container-core-columns-is-layout-28f84493 wp-block-columns-is-layout-flex\">\n<div class=\"wp-block-column is-layout-flow wp-block-column-is-layout-flow\">\n<h3 class=\"mb-5 wp-block-heading\" id=\"continuing-education\"><\/h3>\n\n\n\n<div class=\"wp-block-columns is-layout-flex wp-container-core-columns-is-layout-28f84493 wp-block-columns-is-layout-flex\">\n<div class=\"wp-block-column is-vertically-aligned-top is-layout-flow wp-block-column-is-layout-flow\">\n<figure class=\"wp-block-image size-full\"><img loading=\"lazy\" decoding=\"async\" width=\"400\" height=\"145\" src=\"https:\/\/rvtcareernavigator.ca\/wp-content\/uploads\/2021\/10\/rvttc-logo-red-1.png\" alt=\"\" class=\"wp-image-243\" srcset=\"https:\/\/rvtcareernavigator.ca\/wp-content\/uploads\/2021\/10\/rvttc-logo-red-1.png 400w, https:\/\/rvtcareernavigator.ca\/wp-content\/uploads\/2021\/10\/rvttc-logo-red-1-300x109.png 300w\" sizes=\"auto, (max-width: 400px) 100vw, 400px\" \/><\/figure>\n\n\n\n<p class=\"has-text-align-left h3 has-text-color\" style=\"color:#4f1417;font-size:39px\">Portail de formation<br\/>continue du site TTVAC<\/p>\n<\/div>\n\n\n\n<div class=\"wp-block-column ml-0 ml-md-4 is-layout-flow wp-block-column-is-layout-flow\">\n<p>Ce portail de formation en ligne propose des centaines de cours en ligne sur diff\u00e9rents sujets li\u00e9s aux soins v\u00e9t\u00e9rinaires. Inscrivez-vous et cr\u00e9ez votre profil pour acc\u00e9der aux cours les plus pertinents pour vous. Vous pourrez suivre et enregistrer des \u00e9v\u00e9nements en ligne et en personne. Revenez souvent pour voir les nouveaux cours offerts.<\/p>\n\n\n\n<div class=\"wp-block-buttons mt-3 is-layout-flex wp-block-buttons-is-layout-flex\">\n<div class=\"wp-block-button\"><a class=\"wp-block-button__link\" href=\"https:\/\/rvttcanada.ca\/veterinary-ce-opportunities\/\" target=\"_blank\" rel=\"noreferrer noopener\">Voir la formation continue<\/a><\/div>\n<\/div>\n<\/div>\n<\/div>\n<\/div>\n<\/div>\n<\/div><\/div>\n\n<div class=\"wp-block-group alignfull my-0 py-0 beige-and-primary-red-bg is-layout-flow wp-block-group-is-layout-flow\"><div class=\"wp-block-group__inner-container\">\n<div class=\"wp-block-columns mt-2 mb-3 is-layout-flex wp-container-core-columns-is-layout-28f84493 wp-block-columns-is-layout-flex\">\n<div class=\"wp-block-column my-5 pr-md-4 is-layout-flow wp-block-column-is-layout-flow\" style=\"flex-basis:50%\">\n<h3 class=\"wp-block-heading\">Communiquer avec un\/une TSAc\/RVT<\/h3>\n\n\n\n<p>Nous sommes ici pour aider! Si vous avez des questions au sujet de la profession de TSAc\/RVT, <a href=\"https:\/\/rvtcareernavigator.ca\/fr\/nous-joindre\/?queryType=contact-an-rvt\" data-type=\"page\" target=\"_blank\" rel=\"noreferrer noopener\">communiquez avec nous<\/a>!<\/p>\n<\/div>\n\n\n\n<div class=\"wp-block-column my-5 ml-0 pl-md-4 is-layout-flow wp-block-column-is-layout-flow\" style=\"flex-basis:50%\">\n<h3 class=\"text-white wp-block-heading\">Communiquer avec un\/une mentor<\/h3>\n\n\n\n<p class=\"text-white\">Les mentors que vous trouverez <a href=\"https:\/\/rvtcareernavigator.ca\/fr\/__trashed-2\/\" data-type=\"page\" data-id=\"1300\" target=\"_blank\" rel=\"noreferrer noopener\">ici<\/a> consacrent du temps et partagent leur expertise de fa\u00e7on volontaire afin de promouvoir la profession de TSAc\/RVT et d\u2019appuyer les personnes qui souhaitent en apprendre davantage sur les possibilit\u00e9s offertes.<\/p>\n<\/div>\n<\/div>\n<\/div><\/div>\n","protected":false},"excerpt":{"rendered":"<p>Technologue ou technicien\/technicienne certifi\u00e9\/certifi\u00e9e<\/p>\n","protected":false},"author":2,"featured_media":1044,"parent":0,"menu_order":0,"comment_status":"closed","ping_status":"closed","template":"","meta":{"_acf_changed":false,"site-sidebar-layout":"","site-content-layout":"","ast-site-content-layout":"default","site-content-style":"default","site-sidebar-style":"default","ast-global-header-display":"","ast-banner-title-visibility":"","ast-main-header-display":"","ast-hfb-above-header-display":"","ast-hfb-below-header-display":"","ast-hfb-mobile-header-display":"","site-post-title":"disabled","ast-breadcrumbs-content":"","ast-featured-img":"disabled","footer-sml-layout":"","ast-disable-related-posts":"","theme-transparent-header-meta":"","adv-header-id-meta":"","stick-header-meta":"","header-above-stick-meta":"","header-main-stick-meta":"","header-below-stick-meta":"","astra-migrate-meta-layouts":"default","ast-page-background-enabled":"default","ast-page-background-meta":{"desktop":{"background-color":"var(--ast-global-color-4)","background-image":"","background-repeat":"repeat","background-position":"center center","background-size":"auto","background-attachment":"scroll","background-type":"","background-media":"","overlay-type":"","overlay-color":"","overlay-opacity":"","overlay-gradient":""},"tablet":{"background-color":"","background-image":"","background-repeat":"repeat","background-position":"center center","background-size":"auto","background-attachment":"scroll","background-type":"","background-media":"","overlay-type":"","overlay-color":"","overlay-opacity":"","overlay-gradient":""},"mobile":{"background-color":"","background-image":"","background-repeat":"repeat","background-position":"center center","background-size":"auto","background-attachment":"scroll","background-type":"","background-media":"","overlay-type":"","overlay-color":"","overlay-opacity":"","overlay-gradient":""}},"ast-content-background-meta":{"desktop":{"background-color":"var(--ast-global-color-5)","background-image":"","background-repeat":"repeat","background-position":"center center","background-size":"auto","background-attachment":"scroll","background-type":"","background-media":"","overlay-type":"","overlay-color":"","overlay-opacity":"","overlay-gradient":""},"tablet":{"background-color":"var(--ast-global-color-5)","background-image":"","background-repeat":"repeat","background-position":"center center","background-size":"auto","background-attachment":"scroll","background-type":"","background-media":"","overlay-type":"","overlay-color":"","overlay-opacity":"","overlay-gradient":""},"mobile":{"background-color":"var(--ast-global-color-5)","background-image":"","background-repeat":"repeat","background-position":"center center","background-size":"auto","background-attachment":"scroll","background-type":"","background-media":"","overlay-type":"","overlay-color":"","overlay-opacity":"","overlay-gradient":""}},"footnotes":""},"class_list":["post-1700","page","type-page","status-publish","has-post-thumbnail","hentry"],"acf":[],"_links":{"self":[{"href":"https:\/\/rvtcareernavigator.ca\/fr\/wp-json\/wp\/v2\/pages\/1700","targetHints":{"allow":["GET"]}}],"collection":[{"href":"https:\/\/rvtcareernavigator.ca\/fr\/wp-json\/wp\/v2\/pages"}],"about":[{"href":"https:\/\/rvtcareernavigator.ca\/fr\/wp-json\/wp\/v2\/types\/page"}],"author":[{"embeddable":true,"href":"https:\/\/rvtcareernavigator.ca\/fr\/wp-json\/wp\/v2\/users\/2"}],"replies":[{"embeddable":true,"href":"https:\/\/rvtcareernavigator.ca\/fr\/wp-json\/wp\/v2\/comments?post=1700"}],"version-history":[{"count":9,"href":"https:\/\/rvtcareernavigator.ca\/fr\/wp-json\/wp\/v2\/pages\/1700\/revisions"}],"predecessor-version":[{"id":2625,"href":"https:\/\/rvtcareernavigator.ca\/fr\/wp-json\/wp\/v2\/pages\/1700\/revisions\/2625"}],"wp:featuredmedia":[{"embeddable":true,"href":"https:\/\/rvtcareernavigator.ca\/fr\/wp-json\/wp\/v2\/media\/1044"}],"wp:attachment":[{"href":"https:\/\/rvtcareernavigator.ca\/fr\/wp-json\/wp\/v2\/media?parent=1700"}],"curies":[{"name":"wp","href":"https:\/\/api.w.org\/{rel}","templated":true}]}}