{"id":1686,"date":"2021-12-08T16:00:17","date_gmt":"2021-12-08T16:00:17","guid":{"rendered":"https:\/\/rvtcareernavigator.ca\/au-dela-de-la-pratique\/"},"modified":"2024-04-25T16:31:32","modified_gmt":"2024-04-25T16:31:32","slug":"au-dela-de-la-pratique","status":"publish","type":"page","link":"https:\/\/rvtcareernavigator.ca\/fr\/au-dela-de-la-pratique\/","title":{"rendered":"Au-del\u00e0 de la pratique"},"content":{"rendered":"\n<div class=\"inherit-container-width wp-block-group alignfull pale-gray-bg title-with-bg-image is-layout-constrained wp-block-group-is-layout-constrained\"><div class=\"wp-block-group__inner-container\">\n<div class=\"wp-block-columns title-columns is-layout-flex wp-container-core-columns-is-layout-28f84493 wp-block-columns-is-layout-flex\">\n<div class=\"wp-block-column is-layout-flow wp-block-column-is-layout-flow\" style=\"flex-basis:45%\">\n<h1 class=\"wp-block-heading\">Au-del\u00e0 de la pratique<\/h1>\n\n\n\n<hr class=\"wp-block-separator has-css-opacity md\"\/>\n<\/div>\n\n\n\n<div class=\"wp-block-column d-none is-layout-flow wp-block-column-is-layout-flow\" style=\"flex-basis:55%\"><\/div>\n<\/div>\n\n\n\n<figure class=\"wp-block-image alignfull size-full mobile-banner-img\"><img loading=\"lazy\" decoding=\"async\" width=\"768\" height=\"282\" src=\"https:\/\/rvtcareernavigator.ca\/wp-content\/uploads\/2021\/11\/Beyond_Banner_Mobile.jpg\" alt=\"\" class=\"wp-image-1117\" srcset=\"https:\/\/rvtcareernavigator.ca\/wp-content\/uploads\/2021\/11\/Beyond_Banner_Mobile.jpg 768w, https:\/\/rvtcareernavigator.ca\/wp-content\/uploads\/2021\/11\/Beyond_Banner_Mobile-300x110.jpg 300w\" sizes=\"auto, (max-width: 768px) 100vw, 768px\" \/><\/figure>\n<\/div><\/div>\n\n<h3 class=\"wp-block-heading\">Au-del\u00e0 de la pratique, qui sont les TSAc\/RVT?<\/h3>\n\n<p>De nombreux TSAc\/RVT m\u00e8nent une carri\u00e8re de g\u00e9n\u00e9raliste enrichissante. Toutefois, d\u2019autres veulent aller plus loin : se sp\u00e9cialiser dans une branche pr\u00e9cise de la m\u00e9decine v\u00e9t\u00e9rinaire, utiliser des comp\u00e9tences en particulier, suivre un programme de formation continue ou une formation menant \u00e0 un dipl\u00f4me, d\u00e9velopper leur esprit d\u2019entreprise, ou parfaire leurs connaissances, leurs comp\u00e9tences et leur exp\u00e9rience pour se b\u00e2tir une carri\u00e8re unique.<\/p>\n\n<p>Pour vous guider, consultez l\u2019organisme de r\u00e9glementation v\u00e9t\u00e9rinaire de votre province pour vous assurer de respecter les lois provinciales applicables.<\/p>\n\n<hr class=\"wp-block-separator has-css-opacity full\"\/>\n\n<h3 class=\"wp-block-heading\">Planification de carri\u00e8re<\/h3>\n\n<p>Les possibilit\u00e9s de carri\u00e8re sont diversifi\u00e9es et inspirantes pour les TSAc\/RVT, tout comme les animaux dont ils prennent soin et leurs propri\u00e9taires.<\/p>\n\n<p>Le milieu de travail que vous pr\u00e9f\u00e9rez peut vous aider \u00e0 d\u00e9terminer les parcours professionnels que vous voulez explorer. Par exemple :<\/p>\n\n<ul class=\"wp-block-list\">\n<li>Animal health care industry<\/li>\n\n\n\n<li>Animal hospitals<\/li>\n\n\n\n<li>Animal shelters<\/li>\n\n\n\n<li>Livestock health facilities<\/li>\n\n\n\n<li>National\/provincial\/territorial parks<\/li>\n\n\n\n<li>Pathology clinics<\/li>\n\n\n\n<li>Research labs<\/li>\n\n\n\n<li>Universities and colleges<\/li>\n\n\n\n<li>Vet clinics<\/li>\n\n\n\n<li>Wildlife centres<\/li>\n\n\n\n<li>Zoos<\/li>\n\n\n\n<li>Etc.<\/li>\n<\/ul>\n\n<p><\/p>\n\n<p>Un TSAc\/RVT peut aussi d\u00e9cider quel genre d\u2019emploi il veut occuper. Par exemple :<\/p>\n\n<ul class=\"wp-block-list\">\n<li>Animal behaviourist<\/li>\n\n\n\n<li>Animal health business staff<\/li>\n\n\n\n<li>Animal welfare advocate<\/li>\n\n\n\n<li>Consultant<\/li>\n\n\n\n<li>Educator<\/li>\n\n\n\n<li>Entrepreneur\/Owner<\/li>\n\n\n\n<li>Leader<\/li>\n\n\n\n<li>Manager<\/li>\n\n\n\n<li>Policy analyst<\/li>\n\n\n\n<li>Product specialist\/manager<\/li>\n\n\n\n<li>Researcher<\/li>\n\n\n\n<li>RVT<\/li>\n\n\n\n<li>Staff at veterinary medicine association\/RVT association<\/li>\n\n\n\n<li>Etc.<\/li>\n<\/ul>\n\n<hr class=\"wp-block-separator has-css-opacity full\"\/>\n\n<h3 class=\"wp-block-heading\">Formation<\/h3>\n\n<h5 class=\"wp-block-heading\">La liste de formations ci-dessous donne un aper\u00e7u des nombreuses possibilit\u00e9s de carri\u00e8re qui s\u2019offrent aux TSAc\/RVT :<\/h5>\n\n<div class=\"wp-block-columns is-layout-flex wp-container-core-columns-is-layout-28f84493 wp-block-columns-is-layout-flex\">\n<div class=\"wp-block-column is-layout-flow wp-block-column-is-layout-flow\" style=\"flex-basis:50%\">\n<ul class=\"organization-list wp-block-list\">\n<li><strong><a rel=\"noreferrer noopener\" href=\"https:\/\/vetbloom.com\/product?catalog=aaha-ahpc\" data-type=\"URL\" data-id=\"https:\/\/vetbloom.com\/product?catalog=aaha-ahpc\" target=\"_blank\">Animal Hospice and Palliative Care Certificate<\/a><\/strong><\/li>\n\n\n\n<li><strong><a rel=\"noreferrer noopener\" href=\"https:\/\/www.academyofanimalsportscience.com\/\" data-type=\"URL\" data-id=\"https:\/\/www.academyofanimalsportscience.com\/\" target=\"_blank\">Animal Sports Therapy Rehabilitation (Equine)<\/a><\/strong><\/li>\n\n\n\n<li><strong><a rel=\"noreferrer noopener\" href=\"https:\/\/www.utvetce.com\/canine-rehab-ccrp\" data-type=\"URL\" data-id=\"https:\/\/www.utvetce.com\/canine-rehab-ccrp\" target=\"_blank\">Canine Rehabilitation Certificate<\/a><\/strong><\/li>\n\n\n\n<li><strong><a rel=\"noreferrer noopener\" href=\"https:\/\/www.caninerehabinstitute.com\" data-type=\"URL\" data-id=\"https:\/\/www.caninerehabinstitute.com\" target=\"_blank\">Canine Rehabilitation Therapist<\/a><\/strong><\/li>\n\n\n\n<li><strong><a rel=\"noreferrer noopener\" href=\"https:\/\/www.utvetce.com\/canine-oa-case-manager\/\" data-type=\"URL\" data-id=\"https:\/\/www.utvetce.com\/canine-oa-case-manager\/\" target=\"_blank\">Canine Osteoarthritis Case Manager Certificate<\/a><\/strong><\/li>\n\n\n\n<li><strong><a rel=\"noreferrer noopener\" href=\"https:\/\/www.utvetce.com\/canine-fitness-ccft\/\" target=\"_blank\">Certified Canine Fitness Trainer<\/a><\/strong><\/li>\n\n\n\n<li><strong><a rel=\"noreferrer noopener\" href=\"https:\/\/animalrehabinstitute.com\/certified-equine-rehabilitation-asssistant-cera-4375-00-for-registered-veterinary-technicians-ptas-bs-equine-science-graduates\/\" data-type=\"URL\" data-id=\"https:\/\/animalrehabinstitute.com\/certified-equine-rehabilitation-asssistant-cera-4375-00-for-registered-veterinary-technicians-ptas-bs-equine-science-graduates\/\" target=\"_blank\">Certified Equine Rehabilitation Assistant for RVT<\/a><\/strong><\/li>\n\n\n\n<li><strong><a rel=\"noreferrer noopener\" href=\"https:\/\/caetainternational.com\/\" target=\"_blank\">Companion Animal Euthanasia Training Academy<\/a><\/strong><\/li>\n\n\n\n<li><strong><a rel=\"noreferrer noopener\" href=\"https:\/\/www.utvetce.com\/canine-pain-management\/\" data-type=\"URL\" data-id=\"https:\/\/www.utvetce.com\/canine-pain-management\/\" target=\"_blank\">Companion Animal Pain Management Certificate<\/a><\/strong><\/li>\n\n\n\n<li><strong><a rel=\"noreferrer noopener\" href=\"https:\/\/vetbloom.com\/product?catalog=aaha-diabetes\" data-type=\"URL\" data-id=\"https:\/\/vetbloom.com\/product?catalog=aaha-diabetes\" target=\"_blank\">Diabetes Educator Certificate<\/a><\/strong><\/li>\n\n\n\n<li><strong><a rel=\"noreferrer noopener\" href=\"https:\/\/www.aaha.org\/education\/online-training\/aaha-diabetes-educator-certificate-course\/\" data-type=\"URL\" data-id=\"https:\/\/www.aaha.org\/education\/online-training\/aaha-diabetes-educator-certificate-course\/\" target=\"_blank\">Diabetes Educator Canine\/Feline<\/a><\/strong><\/li>\n\n\n\n<li><strong><a rel=\"noreferrer noopener\" href=\"https:\/\/www.aaevt.org\/online-certificate-program\/\" data-type=\"URL\" data-id=\"https:\/\/www.aaevt.org\/online-certificate-program\/\" target=\"_blank\">Equine Certificate Program<\/a><\/strong><\/li>\n\n\n\n<li><strong><a rel=\"noreferrer noopener\" href=\"https:\/\/www.utvetce.com\/equine-rehab-cerp\" data-type=\"URL\" data-id=\"https:\/\/www.utvetce.com\/equine-rehab-cerp\" target=\"_blank\">Equine Rehabilitation Certificate<\/a><\/strong><\/li>\n\n\n\n<li><strong><a rel=\"noreferrer noopener\" href=\"http:\/\/equinesportsmassage.com\/\" target=\"_blank\">Equine Sports Massage<\/a><\/strong><\/li>\n<\/ul>\n<\/div>\n\n\n\n<div class=\"wp-block-column is-layout-flow wp-block-column-is-layout-flow\" style=\"flex-basis:50%\">\n<ul class=\"organization-list wp-block-list\">\n<li><strong><a rel=\"noreferrer noopener\" href=\"https:\/\/fearfreepets.com\/fear-free-veterinary-certification-program\/?utm_source=rvttc&amp;utm_medium=link&amp;utm_campaign=career_navigator\" data-type=\"URL\" target=\"_blank\">Fear Free Practitioner<\/a><\/strong><\/li>\n\n\n\n<li><strong><a rel=\"noreferrer noopener\" href=\"https:\/\/www.iaahpc.org\/veterinary-certification\" data-type=\"URL\" data-id=\"https:\/\/www.iaahpc.org\/veterinary-certification\" target=\"_blank\">Hospice and Palliative Care Certification<\/a><\/strong><\/li>\n\n\n\n<li><strong><a rel=\"noreferrer noopener\" href=\"https:\/\/www.ciecbweducation.ca\/become-certified\" data-type=\"URL\" data-id=\"https:\/\/www.ciecbweducation.ca\/become-certified\" target=\"_blank\">Massage Therapy Equine and Canine<\/a><\/strong><\/li>\n\n\n\n<li><strong><a rel=\"noreferrer noopener\" href=\"https:\/\/www.horseanddogtherapy.com\/\" data-type=\"URL\" data-id=\"https:\/\/www.horseanddogtherapy.com\/\" target=\"_blank\">Massage Therapy for Animals<\/a><\/strong><\/li>\n\n\n\n<li><strong><a rel=\"noreferrer noopener\" href=\"https:\/\/www.utvetce.com\/nutrition-case-management\/\" data-type=\"URL\" data-id=\"https:\/\/www.utvetce.com\/nutrition-case-management\/\" target=\"_blank\">Nutrition Case Management<\/a><\/strong><\/li>\n\n\n\n<li><strong><a rel=\"noreferrer noopener\" href=\"https:\/\/recoverinitiative.org\/veterinary-professionals\/\" data-type=\"URL\" data-id=\"https:\/\/recoverinitiative.org\/veterinary-professionals\/\" target=\"_blank\">RECOVER Basic and Advanced Life Support Certification for Veterinary Professionals<\/a><\/strong><\/li>\n\n\n\n<li><strong><a rel=\"noreferrer noopener\" href=\"https:\/\/reiki.ca\/membership\/membership-criteria\/animal\/\" data-type=\"URL\" data-id=\"https:\/\/reiki.ca\/membership\/membership-criteria\/animal\/\" target=\"_blank\">Registered Animal Reiki Practitioner<\/a><\/strong><\/li>\n\n\n\n<li><strong><a rel=\"noreferrer noopener\" href=\"http:\/\/tlaer.org\/\" data-type=\"URL\" data-id=\"http:\/\/tlaer.org\/\" target=\"_blank\">Technical Large Animal Emergency Rescue<\/a><\/strong><\/li>\n\n\n\n<li><a href=\"https:\/\/www.wavma.org\/CertAqVNT-Pgm\"><strong>WAVMA Certified Aquatic Veterinarian Nurse\/Technician (CertAqVNT)<\/strong><\/a><\/li>\n\n\n\n<li><strong><a rel=\"noreferrer noopener\" href=\"https:\/\/healingoasis.edu\/veterinary-massage-rehabilitation-therapy-program\/\" data-type=\"URL\" data-id=\"https:\/\/healingoasis.edu\/veterinary-massage-rehabilitation-therapy-program\/\" target=\"_blank\">Veterinary Massage and Rehabilitation Therapy<\/a><\/strong><\/li>\n\n\n\n<li><strong><a rel=\"noreferrer noopener\" href=\"https:\/\/www.veterinarycannabis.org\/certification.html\" data-type=\"URL\" data-id=\"https:\/\/www.veterinarycannabis.org\/certification.html\" target=\"_blank\">Veterinary Cannabis Counsellor<\/a><\/strong><\/li>\n\n\n\n<li><strong><a rel=\"noreferrer noopener\" href=\"https:\/\/www.ivapm.org\/professionals\/ivapm-certification-cvpp\/\" data-type=\"URL\" data-id=\"https:\/\/www.ivapm.org\/professionals\/ivapm-certification-cvpp\/\" target=\"_blank\">Veterinary Pain Practitioner<\/a><\/strong><\/li>\n<\/ul>\n\n\n\n<p><\/p>\n<\/div>\n<\/div>\n\n<hr class=\"wp-block-separator has-css-opacity full\"\/>\n\n<h3 class=\"wp-block-heading\">R\u00e9mun\u00e9ration et heures de travail<\/h3>\n\n<h5 class=\"wp-block-heading\"><meta charset=\"utf-8\"\/>R\u00e9mun\u00e9ration<\/h5>\n\n<p>Comme dans toutes les professions, plusieurs facteurs ont une incidence sur la r\u00e9mun\u00e9ration, notamment : votre domaine de sp\u00e9cialit\u00e9, le fait que vous ayez votre propre \u00e9tablissement ou non, la province ou le territoire o\u00f9 vous travaillez, votre nombre d\u2019ann\u00e9es de pratique, le type d\u2019\u00e9tablissement o\u00f9 vous travaillez et sa taille, le fait que vous travailliez en milieu urbain ou rural, ainsi que des facteurs externes comme l\u2019offre et la demande et la conjuncture \u00e9conomique globale du pays. L\u2019\u00e9chelle salariale et la r\u00e9mun\u00e9ration moyenne peuvent varier \u00e9norm\u00e9ment.<\/p>\n\n<h5 class=\"wp-block-heading\">Heures de travail<\/h5>\n\n<p>Les emplois li\u00e9s aux parcours professionnels mentionn\u00e9s ici sont tr\u00e8s vari\u00e9s. Il nous est impossible de donner un horaire hebdomadaire pr\u00e9cis, mais les TSAc\/RVT travaillent en moyenne huit heures par jour, cinq jours par semaine. Si vous cr\u00e9ez votre propre entreprise, le nombre d\u2019heures que vous travaillez sera probablement plus \u00e9lev\u00e9.<\/p>\n\n<div class=\"inherit-container-width wp-block-group alignfull pale-gray-bg mb-0 is-layout-constrained wp-block-group-is-layout-constrained\"><div class=\"wp-block-group__inner-container\">\n<div class=\"wp-block-columns is-layout-flex wp-container-core-columns-is-layout-28f84493 wp-block-columns-is-layout-flex\">\n<div class=\"wp-block-column is-layout-flow wp-block-column-is-layout-flow\">\n<div class=\"wp-block-columns is-layout-flex wp-container-core-columns-is-layout-28f84493 wp-block-columns-is-layout-flex\">\n<div class=\"wp-block-column is-vertically-aligned-top is-layout-flow wp-block-column-is-layout-flow\">\n<figure class=\"wp-block-image aligncenter size-full\"><img loading=\"lazy\" decoding=\"async\" width=\"400\" height=\"145\" src=\"https:\/\/rvtcareernavigator.ca\/wp-content\/uploads\/2021\/10\/rvttc-logo-red-1.png\" alt=\"\" class=\"wp-image-242\" srcset=\"https:\/\/rvtcareernavigator.ca\/wp-content\/uploads\/2021\/10\/rvttc-logo-red-1.png 400w, https:\/\/rvtcareernavigator.ca\/wp-content\/uploads\/2021\/10\/rvttc-logo-red-1-300x109.png 300w\" sizes=\"auto, (max-width: 400px) 100vw, 400px\" \/><\/figure>\n\n\n\n<p class=\"has-text-align-left h3 mx-lg-5 px-lg-5 has-text-color\" style=\"color:#4f1417;font-size:39px\">Portail de formation<br\/>continue du site TTVAC<\/p>\n<\/div>\n\n\n\n<div class=\"wp-block-column ml-0 ml-md-4 is-layout-flow wp-block-column-is-layout-flow\">\n<p>Ce portail de formation en ligne propose des centaines de cours en ligne sur diff\u00e9rents sujets li\u00e9s aux soins v\u00e9t\u00e9rinaires. Inscrivez-vous et cr\u00e9ez votre profil pour acc\u00e9der aux cours les plus pertinents pour vous. Vous pourrez suivre et enregistrer des \u00e9v\u00e9nements en ligne et en personne. Revenez souvent pour voir les nouveaux cours offerts.<\/p>\n\n\n\n<div class=\"wp-block-buttons mt-3 is-layout-flex wp-block-buttons-is-layout-flex\">\n<div class=\"wp-block-button\"><a class=\"wp-block-button__link wp-element-button\" href=\"https:\/\/rvttcanada.ca\/veterinary-ce-opportunities\/\" target=\"_blank\" rel=\"noreferrer noopener\">Voir la formation continue<\/a><\/div>\n<\/div>\n<\/div>\n<\/div>\n<\/div>\n<\/div>\n<\/div><\/div>\n","protected":false},"excerpt":{"rendered":"<p>Au-del\u00e0 de la pratique Au-del\u00e0 de la pratique, qui sont les TSAc\/RVT? De nombreux TSAc\/RVT m\u00e8nent une carri\u00e8re de g\u00e9n\u00e9raliste enrichissante. Toutefois, d\u2019autres veulent aller plus loin : se sp\u00e9cialiser dans une branche pr\u00e9cise de la m\u00e9decine v\u00e9t\u00e9rinaire, utiliser des comp\u00e9tences en particulier, suivre un programme de formation continue ou une formation menant \u00e0 un [&hellip;]<\/p>\n","protected":false},"author":2,"featured_media":1048,"parent":0,"menu_order":0,"comment_status":"closed","ping_status":"closed","template":"","meta":{"_acf_changed":false,"site-sidebar-layout":"","site-content-layout":"","ast-site-content-layout":"default","site-content-style":"default","site-sidebar-style":"default","ast-global-header-display":"","ast-banner-title-visibility":"","ast-main-header-display":"","ast-hfb-above-header-display":"","ast-hfb-below-header-display":"","ast-hfb-mobile-header-display":"","site-post-title":"disabled","ast-breadcrumbs-content":"","ast-featured-img":"disabled","footer-sml-layout":"","ast-disable-related-posts":"","theme-transparent-header-meta":"","adv-header-id-meta":"","stick-header-meta":"","header-above-stick-meta":"","header-main-stick-meta":"","header-below-stick-meta":"","astra-migrate-meta-layouts":"default","ast-page-background-enabled":"default","ast-page-background-meta":{"desktop":{"background-color":"var(--ast-global-color-4)","background-image":"","background-repeat":"repeat","background-position":"center center","background-size":"auto","background-attachment":"scroll","background-type":"","background-media":"","overlay-type":"","overlay-color":"","overlay-opacity":"","overlay-gradient":""},"tablet":{"background-color":"","background-image":"","background-repeat":"repeat","background-position":"center center","background-size":"auto","background-attachment":"scroll","background-type":"","background-media":"","overlay-type":"","overlay-color":"","overlay-opacity":"","overlay-gradient":""},"mobile":{"background-color":"","background-image":"","background-repeat":"repeat","background-position":"center center","background-size":"auto","background-attachment":"scroll","background-type":"","background-media":"","overlay-type":"","overlay-color":"","overlay-opacity":"","overlay-gradient":""}},"ast-content-background-meta":{"desktop":{"background-color":"var(--ast-global-color-5)","background-image":"","background-repeat":"repeat","background-position":"center center","background-size":"auto","background-attachment":"scroll","background-type":"","background-media":"","overlay-type":"","overlay-color":"","overlay-opacity":"","overlay-gradient":""},"tablet":{"background-color":"var(--ast-global-color-5)","background-image":"","background-repeat":"repeat","background-position":"center center","background-size":"auto","background-attachment":"scroll","background-type":"","background-media":"","overlay-type":"","overlay-color":"","overlay-opacity":"","overlay-gradient":""},"mobile":{"background-color":"var(--ast-global-color-5)","background-image":"","background-repeat":"repeat","background-position":"center center","background-size":"auto","background-attachment":"scroll","background-type":"","background-media":"","overlay-type":"","overlay-color":"","overlay-opacity":"","overlay-gradient":""}},"footnotes":""},"class_list":["post-1686","page","type-page","status-publish","has-post-thumbnail","hentry"],"acf":[],"_links":{"self":[{"href":"https:\/\/rvtcareernavigator.ca\/fr\/wp-json\/wp\/v2\/pages\/1686","targetHints":{"allow":["GET"]}}],"collection":[{"href":"https:\/\/rvtcareernavigator.ca\/fr\/wp-json\/wp\/v2\/pages"}],"about":[{"href":"https:\/\/rvtcareernavigator.ca\/fr\/wp-json\/wp\/v2\/types\/page"}],"author":[{"embeddable":true,"href":"https:\/\/rvtcareernavigator.ca\/fr\/wp-json\/wp\/v2\/users\/2"}],"replies":[{"embeddable":true,"href":"https:\/\/rvtcareernavigator.ca\/fr\/wp-json\/wp\/v2\/comments?post=1686"}],"version-history":[{"count":39,"href":"https:\/\/rvtcareernavigator.ca\/fr\/wp-json\/wp\/v2\/pages\/1686\/revisions"}],"predecessor-version":[{"id":3039,"href":"https:\/\/rvtcareernavigator.ca\/fr\/wp-json\/wp\/v2\/pages\/1686\/revisions\/3039"}],"wp:featuredmedia":[{"embeddable":true,"href":"https:\/\/rvtcareernavigator.ca\/fr\/wp-json\/wp\/v2\/media\/1048"}],"wp:attachment":[{"href":"https:\/\/rvtcareernavigator.ca\/fr\/wp-json\/wp\/v2\/media?parent=1686"}],"curies":[{"name":"wp","href":"https:\/\/api.w.org\/{rel}","templated":true}]}}