{"id":1341,"date":"2021-12-03T16:06:00","date_gmt":"2021-12-03T16:06:00","guid":{"rendered":"https:\/\/rvtcareernavigator.ca\/parcours-de-carriere\/"},"modified":"2021-12-09T20:18:48","modified_gmt":"2021-12-09T20:18:48","slug":"parcours-de-carriere","status":"publish","type":"page","link":"https:\/\/rvtcareernavigator.ca\/fr\/parcours-de-carriere\/","title":{"rendered":"Parcours de carri\u00e8re"},"content":{"rendered":"\n<div class=\"wp-block-group alignfull pale-gray-bg title-with-bg-image is-layout-flow wp-block-group-is-layout-flow\"><div class=\"wp-block-group__inner-container\">\n<div class=\"wp-block-columns title-columns is-layout-flex wp-container-core-columns-is-layout-28f84493 wp-block-columns-is-layout-flex\">\n<div class=\"wp-block-column is-layout-flow wp-block-column-is-layout-flow\" style=\"flex-basis:45%\">\n<h1 class=\"wp-block-heading\">Parcours de carri\u00e8re<\/h1>\n\n\n\n<hr class=\"wp-block-separator md\"\/>\n\n\n\n<h4 class=\"wp-block-heading\">Votre passion pour les animaux peut vous orienter vers divers parcours professionnels. Consultez ces pages pour d\u00e9couvrir quelques possibilit\u00e9s.<\/h4>\n\n\n<div class=\"d-flex flex-wrap btn-career-paths-block\"><a\n    class=\"btn btn-career-paths d-block flex-fill tsac-rvt\"\n    href=\"https:\/\/rvtcareernavigator.ca\/fr\/tsac-rvt\/\"\n    title=\"Technologue ou technicien\/technicienne certifi&eacute;\/certifi&eacute;e\"\n    data-html=\"true\"\n    data-toggle=\"tooltip\"\n>TSAc\/RVT<\/a>\n<a\n    class=\"btn btn-career-paths d-block flex-fill technicien-ou-technicienne-en-sante-animale-specialiste\"\n    href=\"https:\/\/rvtcareernavigator.ca\/fr\/technicien-ou-technicienne-en-sante-animale-specialiste\/\"\n    title=\"Technicien ou technicienne en sant&eacute; animale sp&eacute;cialiste\"\n    data-html=\"true\"\n    data-toggle=\"tooltip\"\n>VTS<\/a>\n<a\n    class=\"btn btn-career-paths d-block flex-fill tasal-1-et-tasal-2\"\n    href=\"https:\/\/rvtcareernavigator.ca\/fr\/tasal-1-et-tasal-2\/\"\n    title=\"Technicien\/technicienne agr&eacute;&eacute;\/agr&eacute;&eacute;e dans les soins des animaux de laboratoire, niveau 1&lt;br&gt;Technicien\/technicienne agr&eacute;&eacute;\/agr&eacute;&eacute;e dans les soins des animaux de laboratoire, niveau 2\"\n    data-html=\"true\"\n    data-toggle=\"tooltip\"\n>TASAL-1 et TASAL-2<\/a>\n<a\n    class=\"btn btn-career-paths d-block flex-fill gestionnaire-detablissement-veterinaire-certifie\"\n    href=\"https:\/\/rvtcareernavigator.ca\/fr\/gestionnaire-detablissement-veterinaire-certifie\/\"\n    title=\"Gestionnaire d'&eacute;tablissement v&eacute;t&eacute;rinaire certifi&eacute;\"\n    data-html=\"true\"\n    data-toggle=\"tooltip\"\n>CVPM<\/a>\n<a\n    class=\"btn btn-career-paths d-block flex-fill dmv\"\n    href=\"https:\/\/rvtcareernavigator.ca\/fr\/dmv\/\"\n    title=\"Docteur en m&eacute;decine v&eacute;t&eacute;rinaire\"\n    data-html=\"true\"\n    data-toggle=\"tooltip\"\n>DMV<\/a>\n<a\n    class=\"btn btn-career-paths d-block flex-fill au-dela-de-la-pratique\"\n    href=\"https:\/\/rvtcareernavigator.ca\/fr\/au-dela-de-la-pratique\/\"\n    title=\"Au-del\u00e0 de la pratique\"\n>Au-del\u00e0 de la pratique<\/a><\/div>\n<\/div>\n\n\n\n<div class=\"wp-block-column d-none is-layout-flow wp-block-column-is-layout-flow\" style=\"flex-basis:55%\"><\/div>\n<\/div>\n\n\n\n<figure class=\"wp-block-image alignfull size-full mobile-banner-img\"><img loading=\"lazy\" decoding=\"async\" width=\"768\" height=\"282\" src=\"https:\/\/rvtcareernavigator.ca\/wp-content\/uploads\/2021\/11\/CareerPath_Banner_Mobile.jpg\" alt=\"\" class=\"wp-image-1121\" srcset=\"https:\/\/rvtcareernavigator.ca\/wp-content\/uploads\/2021\/11\/CareerPath_Banner_Mobile.jpg 768w, https:\/\/rvtcareernavigator.ca\/wp-content\/uploads\/2021\/11\/CareerPath_Banner_Mobile-300x110.jpg 300w\" sizes=\"auto, (max-width: 768px) 100vw, 768px\" \/><\/figure>\n<\/div><\/div>\n\n<p>Vu le choix vaste et vari\u00e9 des parcours de carri\u00e8re, rien d\u2019\u00e9tonnant \u00e0 ce que les TSAc\/RVT \u2013 et les gens en g\u00e9n\u00e9ral \u2013 manquent de perspective quant \u00e0 leurs nombreuses options, ne sachant pas trop comment planifier leur cheminement pour s\u2019assurer une satisfaction professionnelle et rester longtemps dans leur domaine.<\/p>\n\n<p>Cette section vous guidera parmi les options. Id\u00e9alement, elle vous aidera \u00e0 \u00e9largir vos horizons afin de mieux combiner votre passion pour les animaux \u00e0 une carri\u00e8re prometteuse.<\/p>\n\n<div class=\"wp-block-group alignfull pale-gray-bg py-0 is-layout-flow wp-block-group-is-layout-flow\"><div class=\"wp-block-group__inner-container\">\n<div class=\"wp-block-columns p-0 is-layout-flex wp-container-core-columns-is-layout-28f84493 wp-block-columns-is-layout-flex\">\n<div class=\"wp-block-column is-vertically-aligned-center my-0 pale-gray-bg mr-4 is-layout-flow wp-block-column-is-layout-flow\" style=\"flex-basis:49.5%\">\n<figure class=\"wp-block-image size-full mb-0\"><a href=\"https:\/\/rvtcareernavigator.ca\/wp-content\/uploads\/2021\/12\/NavigateurDeCarriereTSAc-RVT_ParcoursDeCarrieEnSanteAnimale_Infographie.pdf\" target=\"_blank\" rel=\"noopener\"><img loading=\"lazy\" decoding=\"async\" width=\"3775\" height=\"2782\" src=\"https:\/\/rvtcareernavigator.ca\/wp-content\/uploads\/2021\/12\/NavigateurDeCarriereTSAc-RVT_ParcoursDeCarrieEnSanteAnimale_Infographie.png\" alt=\"\" class=\"wp-image-1629\" srcset=\"https:\/\/rvtcareernavigator.ca\/wp-content\/uploads\/2021\/12\/NavigateurDeCarriereTSAc-RVT_ParcoursDeCarrieEnSanteAnimale_Infographie.png 3775w, https:\/\/rvtcareernavigator.ca\/wp-content\/uploads\/2021\/12\/NavigateurDeCarriereTSAc-RVT_ParcoursDeCarrieEnSanteAnimale_Infographie-300x221.png 300w, https:\/\/rvtcareernavigator.ca\/wp-content\/uploads\/2021\/12\/NavigateurDeCarriereTSAc-RVT_ParcoursDeCarrieEnSanteAnimale_Infographie-1024x755.png 1024w, https:\/\/rvtcareernavigator.ca\/wp-content\/uploads\/2021\/12\/NavigateurDeCarriereTSAc-RVT_ParcoursDeCarrieEnSanteAnimale_Infographie-768x566.png 768w, https:\/\/rvtcareernavigator.ca\/wp-content\/uploads\/2021\/12\/NavigateurDeCarriereTSAc-RVT_ParcoursDeCarrieEnSanteAnimale_Infographie-1536x1132.png 1536w, https:\/\/rvtcareernavigator.ca\/wp-content\/uploads\/2021\/12\/NavigateurDeCarriereTSAc-RVT_ParcoursDeCarrieEnSanteAnimale_Infographie-2048x1509.png 2048w\" sizes=\"auto, (max-width: 3775px) 100vw, 3775px\" \/><\/a><\/figure>\n<\/div>\n\n\n\n<div class=\"wp-block-column is-vertically-aligned-center ml-0 py-5 is-layout-flow wp-block-column-is-layout-flow\" style=\"flex-basis:50.5%\">\n<h3 class=\"has-text-color wp-block-heading\" style=\"color:#4f1417\">PARCOURS DE CARRI\u00c8RE<br\/>Voyez toutes vos options.<\/h3>\n\n\n\n<p class=\"has-text-color has-medium-font-size\" style=\"color:#a21c22\">De formidables occasions vous attendent. D\u00e9terminez votre parcours et lancez-vous!<\/p>\n<\/div>\n<\/div>\n<\/div><\/div>\n","protected":false},"excerpt":{"rendered":"<p>Parcours de carri\u00e8re Votre passion pour les animaux peut vous orienter vers divers parcours professionnels. Consultez ces pages pour d\u00e9couvrir quelques possibilit\u00e9s. Vu le choix vaste et vari\u00e9 des parcours de carri\u00e8re, rien d\u2019\u00e9tonnant \u00e0 ce que les TSAc\/RVT \u2013 et les gens en g\u00e9n\u00e9ral \u2013 manquent de perspective quant \u00e0 leurs nombreuses options, ne [&hellip;]<\/p>\n","protected":false},"author":2,"featured_media":1034,"parent":0,"menu_order":0,"comment_status":"closed","ping_status":"closed","template":"","meta":{"_acf_changed":false,"site-sidebar-layout":"","site-content-layout":"","ast-site-content-layout":"default","site-content-style":"default","site-sidebar-style":"default","ast-global-header-display":"","ast-banner-title-visibility":"","ast-main-header-display":"","ast-hfb-above-header-display":"","ast-hfb-below-header-display":"","ast-hfb-mobile-header-display":"","site-post-title":"disabled","ast-breadcrumbs-content":"","ast-featured-img":"disabled","footer-sml-layout":"","ast-disable-related-posts":"","theme-transparent-header-meta":"","adv-header-id-meta":"","stick-header-meta":"","header-above-stick-meta":"","header-main-stick-meta":"","header-below-stick-meta":"","astra-migrate-meta-layouts":"default","ast-page-background-enabled":"default","ast-page-background-meta":{"desktop":{"background-color":"var(--ast-global-color-4)","background-image":"","background-repeat":"repeat","background-position":"center center","background-size":"auto","background-attachment":"scroll","background-type":"","background-media":"","overlay-type":"","overlay-color":"","overlay-opacity":"","overlay-gradient":""},"tablet":{"background-color":"","background-image":"","background-repeat":"repeat","background-position":"center center","background-size":"auto","background-attachment":"scroll","background-type":"","background-media":"","overlay-type":"","overlay-color":"","overlay-opacity":"","overlay-gradient":""},"mobile":{"background-color":"","background-image":"","background-repeat":"repeat","background-position":"center center","background-size":"auto","background-attachment":"scroll","background-type":"","background-media":"","overlay-type":"","overlay-color":"","overlay-opacity":"","overlay-gradient":""}},"ast-content-background-meta":{"desktop":{"background-color":"var(--ast-global-color-5)","background-image":"","background-repeat":"repeat","background-position":"center center","background-size":"auto","background-attachment":"scroll","background-type":"","background-media":"","overlay-type":"","overlay-color":"","overlay-opacity":"","overlay-gradient":""},"tablet":{"background-color":"var(--ast-global-color-5)","background-image":"","background-repeat":"repeat","background-position":"center center","background-size":"auto","background-attachment":"scroll","background-type":"","background-media":"","overlay-type":"","overlay-color":"","overlay-opacity":"","overlay-gradient":""},"mobile":{"background-color":"var(--ast-global-color-5)","background-image":"","background-repeat":"repeat","background-position":"center center","background-size":"auto","background-attachment":"scroll","background-type":"","background-media":"","overlay-type":"","overlay-color":"","overlay-opacity":"","overlay-gradient":""}},"footnotes":""},"class_list":["post-1341","page","type-page","status-publish","has-post-thumbnail","hentry"],"acf":[],"_links":{"self":[{"href":"https:\/\/rvtcareernavigator.ca\/fr\/wp-json\/wp\/v2\/pages\/1341","targetHints":{"allow":["GET"]}}],"collection":[{"href":"https:\/\/rvtcareernavigator.ca\/fr\/wp-json\/wp\/v2\/pages"}],"about":[{"href":"https:\/\/rvtcareernavigator.ca\/fr\/wp-json\/wp\/v2\/types\/page"}],"author":[{"embeddable":true,"href":"https:\/\/rvtcareernavigator.ca\/fr\/wp-json\/wp\/v2\/users\/2"}],"replies":[{"embeddable":true,"href":"https:\/\/rvtcareernavigator.ca\/fr\/wp-json\/wp\/v2\/comments?post=1341"}],"version-history":[{"count":6,"href":"https:\/\/rvtcareernavigator.ca\/fr\/wp-json\/wp\/v2\/pages\/1341\/revisions"}],"predecessor-version":[{"id":1810,"href":"https:\/\/rvtcareernavigator.ca\/fr\/wp-json\/wp\/v2\/pages\/1341\/revisions\/1810"}],"wp:featuredmedia":[{"embeddable":true,"href":"https:\/\/rvtcareernavigator.ca\/fr\/wp-json\/wp\/v2\/media\/1034"}],"wp:attachment":[{"href":"https:\/\/rvtcareernavigator.ca\/fr\/wp-json\/wp\/v2\/media?parent=1341"}],"curies":[{"name":"wp","href":"https:\/\/api.w.org\/{rel}","templated":true}]}}