{"id":1339,"date":"2021-12-03T16:03:11","date_gmt":"2021-12-03T16:03:11","guid":{"rendered":"https:\/\/rvtcareernavigator.ca\/site-demplois\/"},"modified":"2021-12-09T20:08:24","modified_gmt":"2021-12-09T20:08:24","slug":"site-demplois","status":"publish","type":"page","link":"https:\/\/rvtcareernavigator.ca\/fr\/site-demplois\/","title":{"rendered":"Site d\u2019emplois"},"content":{"rendered":"\n<div class=\"wp-block-group alignfull pale-gray-bg title-with-bg-image is-layout-flow wp-block-group-is-layout-flow\"><div class=\"wp-block-group__inner-container\">\n<div class=\"wp-block-columns title-columns is-layout-flex wp-container-core-columns-is-layout-28f84493 wp-block-columns-is-layout-flex\">\n<div class=\"wp-block-column is-layout-flow wp-block-column-is-layout-flow\" style=\"flex-basis:45%\">\n<h1 class=\"wp-block-heading\">Site d\u2019emplois<\/h1>\n\n\n\n<hr class=\"wp-block-separator md\"\/>\n<\/div>\n\n\n\n<div class=\"wp-block-column d-none is-layout-flow wp-block-column-is-layout-flow\" style=\"flex-basis:55%\"><\/div>\n<\/div>\n\n\n\n<figure class=\"wp-block-image alignfull size-full mobile-banner-img\"><img loading=\"lazy\" decoding=\"async\" width=\"768\" height=\"282\" src=\"https:\/\/rvtcareernavigator.ca\/wp-content\/uploads\/2021\/11\/JobBoard_Banner_Mobile.jpg\" alt=\"\" class=\"wp-image-1144\" srcset=\"https:\/\/rvtcareernavigator.ca\/wp-content\/uploads\/2021\/11\/JobBoard_Banner_Mobile.jpg 768w, https:\/\/rvtcareernavigator.ca\/wp-content\/uploads\/2021\/11\/JobBoard_Banner_Mobile-300x110.jpg 300w\" sizes=\"auto, (max-width: 768px) 100vw, 768px\" \/><\/figure>\n<\/div><\/div>\n\n<h3 class=\"wp-block-heading\">Visitez les offres d\u2019emploi r\u00e9pertori\u00e9es par TTVAC<\/h3>\n\n<p>\u00c0 la recherche d\u2019une nouvelle avenue dans votre parcours professionnel? Explorez diverses possibilit\u00e9s sur la page des offres d\u2019emploi r\u00e9pertori\u00e9es par TTVAC.<\/p>\n\n<div class=\"wp-block-group alignfull pale-gray-bg mb-0 is-layout-flow wp-block-group-is-layout-flow\"><div class=\"wp-block-group__inner-container\">\n<div class=\"wp-block-columns is-layout-flex wp-container-core-columns-is-layout-28f84493 wp-block-columns-is-layout-flex\">\n<div class=\"wp-block-column is-layout-flow wp-block-column-is-layout-flow\">\n<div class=\"wp-block-columns is-layout-flex wp-container-core-columns-is-layout-28f84493 wp-block-columns-is-layout-flex\">\n<div class=\"wp-block-column is-vertically-aligned-top is-layout-flow wp-block-column-is-layout-flow\">\n<div class=\"wp-block-image\"><figure class=\"aligncenter size-full\"><img loading=\"lazy\" decoding=\"async\" width=\"400\" height=\"145\" src=\"https:\/\/rvtcareernavigator.ca\/wp-content\/uploads\/2021\/10\/rvttc-logo-red-1.png\" alt=\"\" class=\"wp-image-243\" srcset=\"https:\/\/rvtcareernavigator.ca\/wp-content\/uploads\/2021\/10\/rvttc-logo-red-1.png 400w, https:\/\/rvtcareernavigator.ca\/wp-content\/uploads\/2021\/10\/rvttc-logo-red-1-300x109.png 300w\" sizes=\"auto, (max-width: 400px) 100vw, 400px\" \/><\/figure><\/div>\n\n\n\n<p class=\"has-text-align-left h3 mx-5 px-5 has-text-color\" style=\"color:#4f1417;font-size:39px\"><strong><span style=\"color:#4f0603\" class=\"has-inline-color\">Offres d\u2019emploi r\u00e9pertori\u00e9es par TTVAC<\/span><\/strong><\/p>\n<\/div>\n\n\n\n<div class=\"wp-block-column ml-0 ml-md-4 is-layout-flow wp-block-column-is-layout-flow\">\n<p>Ce portail d\u2019emploi comprend des offres de partout au Canada. Dynamisez votre recherche d\u2019emploi gr\u00e2ce \u00e0 cet outil d\u2019ordre sectoriel.<\/p>\n\n\n\n<div class=\"wp-block-buttons mt-3 is-layout-flex wp-block-buttons-is-layout-flex\">\n<div class=\"wp-block-button\"><a class=\"wp-block-button__link\" href=\"https:\/\/rvttcanada.ca\/career-opportunities\/\" target=\"_blank\" rel=\"noreferrer noopener\">Acc\u00e9dez \u00e0 la page r\u00e9pertoriant les offres d\u2019emploi<\/a><\/div>\n<\/div>\n<\/div>\n<\/div>\n<\/div>\n<\/div>\n<\/div><\/div>\n","protected":false},"excerpt":{"rendered":"<p>Site d\u2019emplois Visitez les offres d\u2019emploi r\u00e9pertori\u00e9es par TTVAC \u00c0 la recherche d\u2019une nouvelle avenue dans votre parcours professionnel? Explorez diverses possibilit\u00e9s sur la page des offres d\u2019emploi r\u00e9pertori\u00e9es par TTVAC. Offres d\u2019emploi r\u00e9pertori\u00e9es par TTVAC Ce portail d\u2019emploi comprend des offres de partout au Canada. Dynamisez votre recherche d\u2019emploi gr\u00e2ce \u00e0 cet outil d\u2019ordre [&hellip;]<\/p>\n","protected":false},"author":2,"featured_media":1111,"parent":0,"menu_order":0,"comment_status":"closed","ping_status":"closed","template":"","meta":{"_acf_changed":false,"site-sidebar-layout":"default","site-content-layout":"default","ast-site-content-layout":"default","site-content-style":"default","site-sidebar-style":"default","ast-global-header-display":"","ast-banner-title-visibility":"","ast-main-header-display":"","ast-hfb-above-header-display":"","ast-hfb-below-header-display":"","ast-hfb-mobile-header-display":"","site-post-title":"disabled","ast-breadcrumbs-content":"","ast-featured-img":"disabled","footer-sml-layout":"","ast-disable-related-posts":"","theme-transparent-header-meta":"default","adv-header-id-meta":"","stick-header-meta":"","header-above-stick-meta":"","header-main-stick-meta":"","header-below-stick-meta":"","astra-migrate-meta-layouts":"default","ast-page-background-enabled":"default","ast-page-background-meta":{"desktop":{"background-color":"var(--ast-global-color-4)","background-image":"","background-repeat":"repeat","background-position":"center center","background-size":"auto","background-attachment":"scroll","background-type":"","background-media":"","overlay-type":"","overlay-color":"","overlay-opacity":"","overlay-gradient":""},"tablet":{"background-color":"","background-image":"","background-repeat":"repeat","background-position":"center center","background-size":"auto","background-attachment":"scroll","background-type":"","background-media":"","overlay-type":"","overlay-color":"","overlay-opacity":"","overlay-gradient":""},"mobile":{"background-color":"","background-image":"","background-repeat":"repeat","background-position":"center center","background-size":"auto","background-attachment":"scroll","background-type":"","background-media":"","overlay-type":"","overlay-color":"","overlay-opacity":"","overlay-gradient":""}},"ast-content-background-meta":{"desktop":{"background-color":"var(--ast-global-color-5)","background-image":"","background-repeat":"repeat","background-position":"center center","background-size":"auto","background-attachment":"scroll","background-type":"","background-media":"","overlay-type":"","overlay-color":"","overlay-opacity":"","overlay-gradient":""},"tablet":{"background-color":"var(--ast-global-color-5)","background-image":"","background-repeat":"repeat","background-position":"center center","background-size":"auto","background-attachment":"scroll","background-type":"","background-media":"","overlay-type":"","overlay-color":"","overlay-opacity":"","overlay-gradient":""},"mobile":{"background-color":"var(--ast-global-color-5)","background-image":"","background-repeat":"repeat","background-position":"center center","background-size":"auto","background-attachment":"scroll","background-type":"","background-media":"","overlay-type":"","overlay-color":"","overlay-opacity":"","overlay-gradient":""}},"footnotes":""},"class_list":["post-1339","page","type-page","status-publish","has-post-thumbnail","hentry"],"acf":[],"_links":{"self":[{"href":"https:\/\/rvtcareernavigator.ca\/fr\/wp-json\/wp\/v2\/pages\/1339","targetHints":{"allow":["GET"]}}],"collection":[{"href":"https:\/\/rvtcareernavigator.ca\/fr\/wp-json\/wp\/v2\/pages"}],"about":[{"href":"https:\/\/rvtcareernavigator.ca\/fr\/wp-json\/wp\/v2\/types\/page"}],"author":[{"embeddable":true,"href":"https:\/\/rvtcareernavigator.ca\/fr\/wp-json\/wp\/v2\/users\/2"}],"replies":[{"embeddable":true,"href":"https:\/\/rvtcareernavigator.ca\/fr\/wp-json\/wp\/v2\/comments?post=1339"}],"version-history":[{"count":1,"href":"https:\/\/rvtcareernavigator.ca\/fr\/wp-json\/wp\/v2\/pages\/1339\/revisions"}],"predecessor-version":[{"id":1340,"href":"https:\/\/rvtcareernavigator.ca\/fr\/wp-json\/wp\/v2\/pages\/1339\/revisions\/1340"}],"wp:featuredmedia":[{"embeddable":true,"href":"https:\/\/rvtcareernavigator.ca\/fr\/wp-json\/wp\/v2\/media\/1111"}],"wp:attachment":[{"href":"https:\/\/rvtcareernavigator.ca\/fr\/wp-json\/wp\/v2\/media?parent=1339"}],"curies":[{"name":"wp","href":"https:\/\/api.w.org\/{rel}","templated":true}]}}