{"id":1290,"date":"2021-12-09T14:35:04","date_gmt":"2021-12-09T14:35:04","guid":{"rendered":"https:\/\/rvtcareernavigator.ca\/?page_id=1290"},"modified":"2022-01-07T00:39:40","modified_gmt":"2022-01-07T00:39:40","slug":"participez-a-une-discussion","status":"publish","type":"page","link":"https:\/\/rvtcareernavigator.ca\/fr\/participez-a-une-discussion\/","title":{"rendered":"Participez \u00e0 une discussion"},"content":{"rendered":"\n<div class=\"wp-block-group alignfull pale-gray-bg title-with-bg-image is-layout-flow wp-block-group-is-layout-flow\"><div class=\"wp-block-group__inner-container\">\n<div class=\"wp-block-columns title-columns is-layout-flex wp-container-core-columns-is-layout-28f84493 wp-block-columns-is-layout-flex\">\n<div class=\"wp-block-column is-layout-flow wp-block-column-is-layout-flow\" style=\"flex-basis:45%\">\n<h1 class=\"wp-block-heading\">Participez \u00e0 une discussion<\/h1>\n\n\n\n<hr class=\"wp-block-separator md\"\/>\n\n\n\n<h4 class=\"wp-block-heading\">D\u00e9couvrez ce que vos coll\u00e8gues au sein de la profession pensent et prenez part \u00e0 la discussion. Demeurez \u00e0 l\u2019aff\u00fbt!<\/h4>\n<\/div>\n\n\n\n<div class=\"wp-block-column d-none is-layout-flow wp-block-column-is-layout-flow\" style=\"flex-basis:55%\"><\/div>\n<\/div>\n\n\n\n<figure class=\"wp-block-image alignfull size-full mobile-banner-img\"><img loading=\"lazy\" decoding=\"async\" width=\"768\" height=\"282\" src=\"https:\/\/rvtcareernavigator.ca\/wp-content\/uploads\/2021\/12\/Discussion_Banner_Mobile.jpg\" alt=\"\" class=\"wp-image-1282\" srcset=\"https:\/\/rvtcareernavigator.ca\/wp-content\/uploads\/2021\/12\/Discussion_Banner_Mobile.jpg 768w, https:\/\/rvtcareernavigator.ca\/wp-content\/uploads\/2021\/12\/Discussion_Banner_Mobile-300x110.jpg 300w\" sizes=\"auto, (max-width: 768px) 100vw, 768px\" \/><\/figure>\n<\/div><\/div>\n\n\n\n<h3 class=\"wp-block-heading\">Groupes<\/h3>\n\n\n\n<ul class=\"no-marker-list ml-0 mb-5 wp-block-list\"><li><a rel=\"noreferrer noopener\" href=\"https:\/\/www.facebook.com\/groups\/2115180028632787\" target=\"_blank\">Certified Veterinary Practice Manager: Study Group 2021 and Beyond<\/a><\/li><li><a rel=\"noreferrer noopener\" href=\"https:\/\/www.vin.com\/vspn\/\" target=\"_blank\">Veterinary Support Personnel Network<\/a><\/li><li><a rel=\"noreferrer noopener\" href=\"https:\/\/www.facebook.com\/groups\/131348550245614\" target=\"_blank\">Veterinary Technician Specialty Applicants\/Candidates<\/a><\/li><li><a rel=\"noreferrer noopener\" href=\"https:\/\/www.facebook.com\/groups\/VetTechNation\" target=\"_blank\">Vet Tech Nation<\/a><\/li><li><a rel=\"noreferrer noopener\" href=\"https:\/\/www.facebook.com\/groups\/1592663654358903\" target=\"_blank\">Vet Tech Life<\/a><\/li><li><a rel=\"noreferrer noopener\" href=\"https:\/\/www.facebook.com\/groups\/180417259554519\" target=\"_blank\">Hills Canada Professional Veterinary Group<\/a><\/li><li><a rel=\"noreferrer noopener\" href=\"https:\/\/www.facebook.com\/groups\/OntarioRVTs\" target=\"_blank\">Ontario RVTs (OAVT Facilitated Group)<\/a><\/li><li><a rel=\"noreferrer noopener\" href=\"https:\/\/www.facebook.com\/groups\/36788211910\/\" target=\"_blank\">Association des Techniciens en Sante\u0301 Animale du Que\u0301bec<\/a><\/li><li><a rel=\"noreferrer noopener\" href=\"https:\/\/www.facebook.com\/groups\/SAVTMember\" target=\"_blank\">Saskatchewan Association of Veterinary Technologists (SAVT) Member Communications<\/a><\/li><li><a href=\"https:\/\/www.facebook.com\/vettektasha\">Anesthesia Nerds<\/a><\/li><li><a href=\"https:\/\/www.facebook.com\/pridevmc\" data-type=\"URL\" data-id=\"https:\/\/www.facebook.com\/pridevmc\" target=\"_blank\" rel=\"noreferrer noopener\">Pride VMC<\/a><\/li><li><a href=\"https:\/\/www.facebook.com\/NotOneMoreVet\" data-type=\"URL\" data-id=\"https:\/\/www.facebook.com\/NotOneMoreVet\" target=\"_blank\" rel=\"noreferrer noopener\">Not One More Vet<\/a><\/li><li><a href=\"https:\/\/www.facebook.com\/groups\/280743552135172\" data-type=\"URL\" data-id=\"https:\/\/www.facebook.com\/groups\/280743552135172\" target=\"_blank\" rel=\"noreferrer noopener\">Veterinary Technician Management and Discussion Group<\/a><\/li><li><a href=\"https:\/\/www.facebook.com\/VetGirlOnTheRun\" target=\"_blank\" rel=\"noreferrer noopener\">VETGirl<\/a><\/li><li><a href=\"https:\/\/www.facebook.com\/Vettechprobs\" data-type=\"URL\" data-id=\"https:\/\/www.facebook.com\/Vettechprobs\" target=\"_blank\" rel=\"noreferrer noopener\">Vet Tech Probs<\/a><\/li><li><a href=\"https:\/\/www.facebook.com\/VetTechKelsey\" data-type=\"URL\" data-id=\"https:\/\/www.facebook.com\/VetTechKelsey\" target=\"_blank\" rel=\"noreferrer noopener\">Vet Tech Kelsey<\/a><\/li><li><a href=\"https:\/\/www.facebook.com\/CommuniVET\" target=\"_blank\" rel=\"noreferrer noopener\">CommuniVet<\/a><\/li><li><a href=\"https:\/\/www.facebook.com\/DrAndyRoark\" data-type=\"URL\" data-id=\"https:\/\/www.facebook.com\/DrAndyRoark\" target=\"_blank\" rel=\"noreferrer noopener\">Dr Andy Roark<\/a><\/li><li><a href=\"https:\/\/www.facebook.com\/doctorjustinelee\" target=\"_blank\" rel=\"noreferrer noopener\">Dr Justine Lee<\/a><\/li><li><a href=\"https:\/\/www.facebook.com\/catvetsusan\" target=\"_blank\" rel=\"noreferrer noopener\">Dr Susan Little<\/a><\/li><li><a href=\"https:\/\/www.facebook.com\/OfficialVTSAnswerPage\" target=\"_blank\" rel=\"noreferrer noopener\">Veterinary Technician Specialty Academy and CVTS Information Page<\/a><\/li><\/ul>\n","protected":false},"excerpt":{"rendered":"<p>Participez \u00e0 une discussion D\u00e9couvrez ce que vos coll\u00e8gues au sein de la profession pensent et prenez part \u00e0 la discussion. Demeurez \u00e0 l\u2019aff\u00fbt! Groupes Certified Veterinary Practice Manager: Study Group 2021 and Beyond Veterinary Support Personnel Network Veterinary Technician Specialty Applicants\/Candidates Vet Tech Nation Vet Tech Life Hills Canada Professional Veterinary Group Ontario RVTs [&hellip;]<\/p>\n","protected":false},"author":2,"featured_media":1286,"parent":0,"menu_order":0,"comment_status":"closed","ping_status":"closed","template":"","meta":{"_acf_changed":false,"site-sidebar-layout":"default","site-content-layout":"default","ast-site-content-layout":"default","site-content-style":"default","site-sidebar-style":"default","ast-global-header-display":"","ast-banner-title-visibility":"","ast-main-header-display":"","ast-hfb-above-header-display":"","ast-hfb-below-header-display":"","ast-hfb-mobile-header-display":"","site-post-title":"disabled","ast-breadcrumbs-content":"","ast-featured-img":"disabled","footer-sml-layout":"","ast-disable-related-posts":"","theme-transparent-header-meta":"default","adv-header-id-meta":"","stick-header-meta":"","header-above-stick-meta":"","header-main-stick-meta":"","header-below-stick-meta":"","astra-migrate-meta-layouts":"default","ast-page-background-enabled":"default","ast-page-background-meta":{"desktop":{"background-color":"var(--ast-global-color-4)","background-image":"","background-repeat":"repeat","background-position":"center center","background-size":"auto","background-attachment":"scroll","background-type":"","background-media":"","overlay-type":"","overlay-color":"","overlay-opacity":"","overlay-gradient":""},"tablet":{"background-color":"","background-image":"","background-repeat":"repeat","background-position":"center center","background-size":"auto","background-attachment":"scroll","background-type":"","background-media":"","overlay-type":"","overlay-color":"","overlay-opacity":"","overlay-gradient":""},"mobile":{"background-color":"","background-image":"","background-repeat":"repeat","background-position":"center center","background-size":"auto","background-attachment":"scroll","background-type":"","background-media":"","overlay-type":"","overlay-color":"","overlay-opacity":"","overlay-gradient":""}},"ast-content-background-meta":{"desktop":{"background-color":"var(--ast-global-color-5)","background-image":"","background-repeat":"repeat","background-position":"center center","background-size":"auto","background-attachment":"scroll","background-type":"","background-media":"","overlay-type":"","overlay-color":"","overlay-opacity":"","overlay-gradient":""},"tablet":{"background-color":"var(--ast-global-color-5)","background-image":"","background-repeat":"repeat","background-position":"center center","background-size":"auto","background-attachment":"scroll","background-type":"","background-media":"","overlay-type":"","overlay-color":"","overlay-opacity":"","overlay-gradient":""},"mobile":{"background-color":"var(--ast-global-color-5)","background-image":"","background-repeat":"repeat","background-position":"center center","background-size":"auto","background-attachment":"scroll","background-type":"","background-media":"","overlay-type":"","overlay-color":"","overlay-opacity":"","overlay-gradient":""}},"footnotes":""},"class_list":["post-1290","page","type-page","status-publish","has-post-thumbnail","hentry"],"acf":[],"_links":{"self":[{"href":"https:\/\/rvtcareernavigator.ca\/fr\/wp-json\/wp\/v2\/pages\/1290","targetHints":{"allow":["GET"]}}],"collection":[{"href":"https:\/\/rvtcareernavigator.ca\/fr\/wp-json\/wp\/v2\/pages"}],"about":[{"href":"https:\/\/rvtcareernavigator.ca\/fr\/wp-json\/wp\/v2\/types\/page"}],"author":[{"embeddable":true,"href":"https:\/\/rvtcareernavigator.ca\/fr\/wp-json\/wp\/v2\/users\/2"}],"replies":[{"embeddable":true,"href":"https:\/\/rvtcareernavigator.ca\/fr\/wp-json\/wp\/v2\/comments?post=1290"}],"version-history":[{"count":9,"href":"https:\/\/rvtcareernavigator.ca\/fr\/wp-json\/wp\/v2\/pages\/1290\/revisions"}],"predecessor-version":[{"id":2810,"href":"https:\/\/rvtcareernavigator.ca\/fr\/wp-json\/wp\/v2\/pages\/1290\/revisions\/2810"}],"wp:featuredmedia":[{"embeddable":true,"href":"https:\/\/rvtcareernavigator.ca\/fr\/wp-json\/wp\/v2\/media\/1286"}],"wp:attachment":[{"href":"https:\/\/rvtcareernavigator.ca\/fr\/wp-json\/wp\/v2\/media?parent=1290"}],"curies":[{"name":"wp","href":"https:\/\/api.w.org\/{rel}","templated":true}]}}